{"id":94716,"date":"2024-03-20T16:49:06","date_gmt":"2024-03-20T15:49:06","guid":{"rendered":"https:\/\/kustomshop.kinsta.cloud\/produkt\/core-essence-jersey-tight-fit-w\/"},"modified":"2026-03-27T14:09:48","modified_gmt":"2026-03-27T13:09:48","slug":"core-essence-jersey-tight-fit-w","status":"publish","type":"product","link":"https:\/\/shop.kustom.ch\/fr\/produit\/core-essence-jersey-tight-fit-w\/","title":{"rendered":"CORE Essence Jersey Tight Fit W"},"content":{"rendered":"<p>Maillot stretch pour v\u00e9lo doux et fonctionnel avec fermeture \u00e9clair sur toute la longueur du devant et quatre poches \u00e0 l'arri\u00e8re.<\/p>\n<p>- Mat\u00e9riau fonctionnel pour un excellent transfert d'humidit\u00e9 et un grand confort<br \/>\n- Mati\u00e8re douce et \u00e9lastique pour un ajustement optimal et une libert\u00e9 de mouvement illimit\u00e9e<br \/>\n- Quatre poches \u00e0 l'arri\u00e8re (dont une zipp\u00e9e)<br \/>\n- fermeture \u00e9clair sur toute la longueur du devant<br \/>\n- Logos r\u00e9fl\u00e9chissants<br \/>\n- rev\u00eatement en silicone \u00e0 l'arri\u00e8re, sur la ceinture, pour un maintien antid\u00e9rapant<br \/>\n- Facteur de protection UV25<\/p>\n<p>Mat\u00e9riau : polyester 100%<\/p>","protected":false},"excerpt":{"rendered":"<p>Weiches, funktionelles Fahrrad-Stretchjersey mit Reissverschluss \u00fcber die gesamte Frontl\u00e4nge und vier Taschen hinten. \u2022 Funktionelles Material f\u00fcr einen hervorragenden Feuchtigkeitstransport und hohen Komfort \u2022 Weiches, elastisches Material f\u00fcr einen optimalen Sitz und eine uneingeschr\u00e4nkte Bewegungsfreiheit \u2022 Vier Taschen hinten (eine mit Reissverschluss) \u2022 Reissverschluss \u00fcber die gesamte Frontl\u00e4nge \u2022 Reflektierende Logos \u2022 Silikonbeschichtung hinten, am [&hellip;]<\/p>\n","protected":false},"featured_media":248527,"template":"","meta":[],"product_brand":[],"product_cat":[4201],"product_tag":[],"class_list":{"0":"post-94716","1":"product","2":"type-product","3":"status-publish","4":"has-post-thumbnail","6":"product_cat-t-shirts","7":"pa_brand-craft-retail-sportswear","8":"pa_brand-type-sportswear","9":"pa_filter-color-blau","10":"pa_filter-color-grau","11":"pa_filter-color-rot","12":"pa_filter-color-schwarz","13":"pa_filter-color-weiss","15":"first","16":"instock","17":"sale","18":"taxable","19":"shipping-taxable","20":"purchasable","21":"product-type-variable","22":"add-to-wishlist-before_image"},"exclude_global_add_ons":[],"addons":[],"acf":[],"_links":{"self":[{"href":"https:\/\/shop.kustom.ch\/fr\/wp-json\/wp\/v2\/product\/94716"}],"collection":[{"href":"https:\/\/shop.kustom.ch\/fr\/wp-json\/wp\/v2\/product"}],"about":[{"href":"https:\/\/shop.kustom.ch\/fr\/wp-json\/wp\/v2\/types\/product"}],"wp:featuredmedia":[{"embeddable":true,"href":"https:\/\/shop.kustom.ch\/fr\/wp-json\/wp\/v2\/media\/248527"}],"wp:attachment":[{"href":"https:\/\/shop.kustom.ch\/fr\/wp-json\/wp\/v2\/media?parent=94716"}],"wp:term":[{"taxonomy":"product_brand","embeddable":true,"href":"https:\/\/shop.kustom.ch\/fr\/wp-json\/wp\/v2\/product_brand?post=94716"},{"taxonomy":"product_cat","embeddable":true,"href":"https:\/\/shop.kustom.ch\/fr\/wp-json\/wp\/v2\/product_cat?post=94716"},{"taxonomy":"product_tag","embeddable":true,"href":"https:\/\/shop.kustom.ch\/fr\/wp-json\/wp\/v2\/product_tag?post=94716"}],"curies":[{"name":"wp","href":"https:\/\/api.w.org\/{rel}","templated":true}]}}