{"id":94228,"date":"2024-03-20T16:47:02","date_gmt":"2024-03-20T15:47:02","guid":{"rendered":"https:\/\/kustomshop.kinsta.cloud\/produkt\/squad-gk-shorts-jr\/"},"modified":"2026-03-27T14:57:26","modified_gmt":"2026-03-27T13:57:26","slug":"squad-gk-shorts-jr","status":"publish","type":"product","link":"https:\/\/shop.kustom.ch\/fr\/produit\/squad-gk-shorts-jr\/","title":{"rendered":"Short Squad GK Jr"},"content":{"rendered":"<p>Short de gardien de but en mat\u00e9riaux fonctionnels avec une tr\u00e8s bonne \u00e9vacuation de l'humidit\u00e9. Haute \u00e9lasticit\u00e9 pour une coupe et une libert\u00e9 de mouvement optimales. Ceinture avec \u00e9lastique. Design classique et solide. S'accorde parfaitement avec le maillot Progress GK et le maillot Squad GK.<\/p>\n<p>Mat\u00e9riau : Tissu 1 : 100% Polyester<\/p>","protected":false},"excerpt":{"rendered":"<p>Torwartshorts aus funktionellen Materialien mit sehr gutem Feuchtigkeitsabtransport. Hohe Elastizit\u00e4t f\u00fcr optimale Passform und Bewegungsfreiheit. Bund mit Gummizug. Klassisches, solides Design. Passt perfekt zusammen mit Progress GK Jersey und Squad GK Jersey. Material: Fabric 1: 100% Polyester<\/p>","protected":false},"featured_media":248452,"template":"","meta":[],"product_brand":[],"product_cat":[4198],"product_tag":[],"class_list":{"0":"post-94228","1":"product","2":"type-product","3":"status-publish","4":"has-post-thumbnail","6":"product_cat-shorts","7":"pa_brand-craft-teamwear","8":"pa_brand-type-sportswear","9":"pa_filter-color-gelb","10":"pa_filter-color-gruen","11":"pa_filter-color-pink","13":"first","14":"instock","15":"sale","16":"taxable","17":"shipping-taxable","18":"purchasable","19":"product-type-variable","20":"add-to-wishlist-before_image"},"exclude_global_add_ons":[],"addons":[],"acf":[],"_links":{"self":[{"href":"https:\/\/shop.kustom.ch\/fr\/wp-json\/wp\/v2\/product\/94228"}],"collection":[{"href":"https:\/\/shop.kustom.ch\/fr\/wp-json\/wp\/v2\/product"}],"about":[{"href":"https:\/\/shop.kustom.ch\/fr\/wp-json\/wp\/v2\/types\/product"}],"wp:featuredmedia":[{"embeddable":true,"href":"https:\/\/shop.kustom.ch\/fr\/wp-json\/wp\/v2\/media\/248452"}],"wp:attachment":[{"href":"https:\/\/shop.kustom.ch\/fr\/wp-json\/wp\/v2\/media?parent=94228"}],"wp:term":[{"taxonomy":"product_brand","embeddable":true,"href":"https:\/\/shop.kustom.ch\/fr\/wp-json\/wp\/v2\/product_brand?post=94228"},{"taxonomy":"product_cat","embeddable":true,"href":"https:\/\/shop.kustom.ch\/fr\/wp-json\/wp\/v2\/product_cat?post=94228"},{"taxonomy":"product_tag","embeddable":true,"href":"https:\/\/shop.kustom.ch\/fr\/wp-json\/wp\/v2\/product_tag?post=94228"}],"curies":[{"name":"wp","href":"https:\/\/api.w.org\/{rel}","templated":true}]}}