{"id":94058,"date":"2024-03-20T16:46:21","date_gmt":"2024-03-20T15:46:21","guid":{"rendered":"https:\/\/kustomshop.kinsta.cloud\/produkt\/community-hoodie-m\/"},"modified":"2026-03-27T15:49:09","modified_gmt":"2026-03-27T14:49:09","slug":"community-hoodie-m","status":"publish","type":"product","link":"https:\/\/shop.kustom.ch\/fr\/produit\/community-hoodie-m\/","title":{"rendered":"Sweat \u00e0 capuche communautaire M"},"content":{"rendered":"<p>Hoodie d\u00e9contract\u00e9 \u00e0 la coupe athl\u00e9tique et au look sportif pour les moments pass\u00e9s en dehors du terrain. Le m\u00e9lange agr\u00e9ablement doux de polyester et de coton ainsi que la capuche avec garniture en mesh offrent un confort maximal. Parfait pour le branding avec le logo du club, du sponsor ou de l'entreprise.<\/p>\n<p>Mat\u00e9riau : Tissu 1 : 65% Polyester 35% Coton<\/p>","protected":false},"excerpt":{"rendered":"<p>L\u00e4ssiger Hoodie mit athletischer Passform und sportlichem Look f\u00fcr die Momente abseits des Platzes. Der angenehm weiche Mix aus Polyester und Baumwolle sowie die Kapuze mit Mesh-Besatz bieten h\u00f6chsten Tragekomfort. Perfekt f\u00fcr das Branding mit Club-, Sponsor- oder Firmenlogos. Material: Fabric 1: 65% Polyester 35% Cotton<\/p>","protected":false},"featured_media":248428,"template":"","meta":[],"product_brand":[],"product_cat":[4184],"product_tag":[],"class_list":{"0":"post-94058","1":"product","2":"type-product","3":"status-publish","4":"has-post-thumbnail","6":"product_cat-hoodies-pullover","7":"pa_brand-craft-teamwear","8":"pa_brand-type-sportswear","9":"pa_filter-color-blau","10":"pa_filter-color-grau","11":"pa_filter-color-gruen","12":"pa_filter-color-rot","13":"pa_filter-color-schwarz","15":"first","16":"instock","17":"sale","18":"taxable","19":"shipping-taxable","20":"purchasable","21":"product-type-variable","22":"add-to-wishlist-before_image"},"exclude_global_add_ons":[],"addons":[],"acf":[],"_links":{"self":[{"href":"https:\/\/shop.kustom.ch\/fr\/wp-json\/wp\/v2\/product\/94058"}],"collection":[{"href":"https:\/\/shop.kustom.ch\/fr\/wp-json\/wp\/v2\/product"}],"about":[{"href":"https:\/\/shop.kustom.ch\/fr\/wp-json\/wp\/v2\/types\/product"}],"wp:featuredmedia":[{"embeddable":true,"href":"https:\/\/shop.kustom.ch\/fr\/wp-json\/wp\/v2\/media\/248428"}],"wp:attachment":[{"href":"https:\/\/shop.kustom.ch\/fr\/wp-json\/wp\/v2\/media?parent=94058"}],"wp:term":[{"taxonomy":"product_brand","embeddable":true,"href":"https:\/\/shop.kustom.ch\/fr\/wp-json\/wp\/v2\/product_brand?post=94058"},{"taxonomy":"product_cat","embeddable":true,"href":"https:\/\/shop.kustom.ch\/fr\/wp-json\/wp\/v2\/product_cat?post=94058"},{"taxonomy":"product_tag","embeddable":true,"href":"https:\/\/shop.kustom.ch\/fr\/wp-json\/wp\/v2\/product_tag?post=94058"}],"curies":[{"name":"wp","href":"https:\/\/api.w.org\/{rel}","templated":true}]}}