{"id":93558,"date":"2024-03-20T16:44:25","date_gmt":"2024-03-20T15:44:25","guid":{"rendered":"https:\/\/kustomshop.kinsta.cloud\/produkt\/pro-control-compression-long-sleeve\/"},"modified":"2026-03-27T15:47:59","modified_gmt":"2026-03-27T14:47:59","slug":"pro-control-compression-long-sleeve","status":"publish","type":"product","link":"https:\/\/shop.kustom.ch\/fr\/produit\/pro-control-compression-long-sleeve\/","title":{"rendered":"Manches longues Pro Control Compression"},"content":{"rendered":"<p>Lorsque tu te sens bien, tes performances augmentent. Ce maillot de compression fonctionnel \u00e0 manches longues est compos\u00e9 d'un tissu Body Control avanc\u00e9 qui concentre la force musculaire et contribue \u00e0 une performance optimale. Il en r\u00e9sulte une sensation unique, o\u00f9 tu d\u00e9couvres que ton corps est maintenu en un tout puissant - pr\u00eat \u00e0 travailler au maximum de ses capacit\u00e9s. Un choix parfait pour les entra\u00eenements et sous le maillot les jours de match froids. Coupe \u00e9troite et ergonomique.<\/p>\n<p>Mat\u00e9riau : Tissu 1 : 91% polyamide 9% \u00e9lasthanne<\/p>","protected":false},"excerpt":{"rendered":"<p>Wenn du dich gut f\u00fchlst, steigt das deine Performance. Dieses funktionale Kompressions-Langarmshirt besteht aus einem fortschrittlichen Body-Control-Gewebe, das die Muskelkraft konzentriert und zur optimalen Leistung beitr\u00e4gt. Das Ergebnis ist ein einzigartiges Gef\u00fchl, bei dem du erlebst, dass dein K\u00f6rper zu einem kraftvollen Ganzen zusammengehalten wird &#8211; das er bereit ist, mit maximaler Kapazit\u00e4t zu arbeiten. [&hellip;]<\/p>\n","protected":false},"featured_media":248344,"template":"","meta":[],"product_brand":[],"product_cat":[4206],"product_tag":[],"class_list":{"0":"post-93558","1":"product","2":"type-product","3":"status-publish","4":"has-post-thumbnail","6":"product_cat-underwear","7":"pa_brand-craft-teamwear","8":"pa_brand-type-sportswear","9":"pa_filter-color-blau","10":"pa_filter-color-gelb","11":"pa_filter-color-gruen","12":"pa_filter-color-rot","13":"pa_filter-color-schwarz","14":"pa_filter-color-weiss","16":"first","17":"instock","18":"sale","19":"taxable","20":"shipping-taxable","21":"purchasable","22":"product-type-variable","23":"add-to-wishlist-before_image"},"exclude_global_add_ons":[],"addons":[],"acf":[],"_links":{"self":[{"href":"https:\/\/shop.kustom.ch\/fr\/wp-json\/wp\/v2\/product\/93558"}],"collection":[{"href":"https:\/\/shop.kustom.ch\/fr\/wp-json\/wp\/v2\/product"}],"about":[{"href":"https:\/\/shop.kustom.ch\/fr\/wp-json\/wp\/v2\/types\/product"}],"wp:featuredmedia":[{"embeddable":true,"href":"https:\/\/shop.kustom.ch\/fr\/wp-json\/wp\/v2\/media\/248344"}],"wp:attachment":[{"href":"https:\/\/shop.kustom.ch\/fr\/wp-json\/wp\/v2\/media?parent=93558"}],"wp:term":[{"taxonomy":"product_brand","embeddable":true,"href":"https:\/\/shop.kustom.ch\/fr\/wp-json\/wp\/v2\/product_brand?post=93558"},{"taxonomy":"product_cat","embeddable":true,"href":"https:\/\/shop.kustom.ch\/fr\/wp-json\/wp\/v2\/product_cat?post=93558"},{"taxonomy":"product_tag","embeddable":true,"href":"https:\/\/shop.kustom.ch\/fr\/wp-json\/wp\/v2\/product_tag?post=93558"}],"curies":[{"name":"wp","href":"https:\/\/api.w.org\/{rel}","templated":true}]}}