{"id":93007,"date":"2024-03-20T16:42:12","date_gmt":"2024-03-20T15:42:12","guid":{"rendered":"https:\/\/kustomshop.kinsta.cloud\/produkt\/pro-control-softshell-jacket-m\/"},"modified":"2026-03-27T15:18:33","modified_gmt":"2026-03-27T14:18:33","slug":"pro-control-softshell-jacket-m","status":"publish","type":"product","link":"https:\/\/shop.kustom.ch\/fr\/produit\/pro-control-softshell-jacket-m\/","title":{"rendered":"Veste Pro Control Softshell M"},"content":{"rendered":"<p>Restez au chaud et r\u00e9sistant dans cette veste softshell coupe-vent et imperm\u00e9able. Livr\u00e9e avec un int\u00e9rieur bross\u00e9 pour une isolation et un confort suppl\u00e9mentaires. Un bon choix pour les \u00e9v\u00e9nements d'\u00e9quipe en dehors du terrain.<\/p>\n<p>Mat\u00e9riau : Tissu 1 : 96% polyester 4% \u00e9lasthanne<\/p>","protected":false},"excerpt":{"rendered":"<p>Bleiben Sie warm und best\u00e4ndig in dieser wind- und wasserabweisenden Softshell-Jacke. Kommt mit geb\u00fcrsteter Innenseite f\u00fcr zus\u00e4tzliche Isolierung und Komfort. Eine gute Wahl f\u00fcr Team-Events abseits des Platzes. Material: Fabric 1: 96% Polyester 4% Elastane<\/p>","protected":false},"featured_media":248234,"template":"","meta":[],"product_brand":[],"product_cat":[4186],"product_tag":[],"class_list":{"0":"post-93007","1":"product","2":"type-product","3":"status-publish","4":"has-post-thumbnail","6":"product_cat-jacken","7":"pa_brand-craft-teamwear","8":"pa_brand-type-sportswear","9":"pa_filter-color-blau","10":"pa_filter-color-gelb","11":"pa_filter-color-gruen","12":"pa_filter-color-rot","14":"first","15":"instock","16":"sale","17":"taxable","18":"shipping-taxable","19":"purchasable","20":"product-type-variable","21":"add-to-wishlist-before_image"},"exclude_global_add_ons":[],"addons":[],"acf":[],"_links":{"self":[{"href":"https:\/\/shop.kustom.ch\/fr\/wp-json\/wp\/v2\/product\/93007"}],"collection":[{"href":"https:\/\/shop.kustom.ch\/fr\/wp-json\/wp\/v2\/product"}],"about":[{"href":"https:\/\/shop.kustom.ch\/fr\/wp-json\/wp\/v2\/types\/product"}],"wp:featuredmedia":[{"embeddable":true,"href":"https:\/\/shop.kustom.ch\/fr\/wp-json\/wp\/v2\/media\/248234"}],"wp:attachment":[{"href":"https:\/\/shop.kustom.ch\/fr\/wp-json\/wp\/v2\/media?parent=93007"}],"wp:term":[{"taxonomy":"product_brand","embeddable":true,"href":"https:\/\/shop.kustom.ch\/fr\/wp-json\/wp\/v2\/product_brand?post=93007"},{"taxonomy":"product_cat","embeddable":true,"href":"https:\/\/shop.kustom.ch\/fr\/wp-json\/wp\/v2\/product_cat?post=93007"},{"taxonomy":"product_tag","embeddable":true,"href":"https:\/\/shop.kustom.ch\/fr\/wp-json\/wp\/v2\/product_tag?post=93007"}],"curies":[{"name":"wp","href":"https:\/\/api.w.org\/{rel}","templated":true}]}}