{"id":92787,"date":"2024-03-20T16:41:25","date_gmt":"2024-03-20T15:41:25","guid":{"rendered":"https:\/\/kustomshop.kinsta.cloud\/produkt\/pro-control-pants-m\/"},"modified":"2026-03-27T15:32:41","modified_gmt":"2026-03-27T14:32:41","slug":"pro-control-pants-m","status":"publish","type":"product","link":"https:\/\/shop.kustom.ch\/fr\/produit\/pro-control-pants-m\/","title":{"rendered":"Pantalon Pro Control M"},"content":{"rendered":"<p>Pantalon confortable en polyester doux et fonctionnel pour des moments de d\u00e9tente en dehors du terrain. Le design ergonomique assure un bon ajustement. Deux poches zipp\u00e9es, bandes sur les c\u00f4t\u00e9s et logo imprim\u00e9.<\/p>\n<p>Mat\u00e9riau : Tissu 1 : 100% Polyester<\/p>","protected":false},"excerpt":{"rendered":"<p>Bequeme Hose aus weichem und funktionellem Polyester f\u00fcr entspannte Momente abseits des Spielfelds. Ergonomisches Design sorgt f\u00fcr eine gute Passform. Zwei Reissverschlusstaschen, Streifen an den Seiten und aufgedrucktes Logo. Material: Fabric 1: 100% Polyester<\/p>","protected":false},"featured_media":248201,"template":"","meta":[],"product_brand":[],"product_cat":[4185],"product_tag":[],"class_list":{"0":"post-92787","1":"product","2":"type-product","3":"status-publish","4":"has-post-thumbnail","6":"product_cat-hosen","7":"pa_brand-craft-teamwear","8":"pa_brand-type-sportswear","9":"pa_filter-color-blau","10":"pa_filter-color-weiss","12":"first","13":"instock","14":"sale","15":"taxable","16":"shipping-taxable","17":"purchasable","18":"product-type-variable","19":"add-to-wishlist-before_image"},"exclude_global_add_ons":[],"addons":[],"acf":[],"_links":{"self":[{"href":"https:\/\/shop.kustom.ch\/fr\/wp-json\/wp\/v2\/product\/92787"}],"collection":[{"href":"https:\/\/shop.kustom.ch\/fr\/wp-json\/wp\/v2\/product"}],"about":[{"href":"https:\/\/shop.kustom.ch\/fr\/wp-json\/wp\/v2\/types\/product"}],"wp:featuredmedia":[{"embeddable":true,"href":"https:\/\/shop.kustom.ch\/fr\/wp-json\/wp\/v2\/media\/248201"}],"wp:attachment":[{"href":"https:\/\/shop.kustom.ch\/fr\/wp-json\/wp\/v2\/media?parent=92787"}],"wp:term":[{"taxonomy":"product_brand","embeddable":true,"href":"https:\/\/shop.kustom.ch\/fr\/wp-json\/wp\/v2\/product_brand?post=92787"},{"taxonomy":"product_cat","embeddable":true,"href":"https:\/\/shop.kustom.ch\/fr\/wp-json\/wp\/v2\/product_cat?post=92787"},{"taxonomy":"product_tag","embeddable":true,"href":"https:\/\/shop.kustom.ch\/fr\/wp-json\/wp\/v2\/product_tag?post=92787"}],"curies":[{"name":"wp","href":"https:\/\/api.w.org\/{rel}","templated":true}]}}