{"id":92768,"date":"2024-03-20T16:41:18","date_gmt":"2024-03-20T15:41:18","guid":{"rendered":"https:\/\/kustomshop.kinsta.cloud\/produkt\/pro-control-woven-pants-w\/"},"modified":"2026-03-27T15:31:47","modified_gmt":"2026-03-27T14:31:47","slug":"pro-control-woven-pants-w","status":"publish","type":"product","link":"https:\/\/shop.kustom.ch\/fr\/produit\/pro-control-woven-pants-w\/","title":{"rendered":"Pantalon Pro Control Woven W"},"content":{"rendered":"<p>Pantalon d'entra\u00eenement coupe-vent avec doublure en filet pour un confort optimal et une fonctionnalit\u00e9 am\u00e9lior\u00e9e. La coupe ergonomique ainsi que le mat\u00e9riau extensible garantissent une libert\u00e9 de mouvement optimale. Bandes contrast\u00e9es sur les c\u00f4t\u00e9s.<\/p>\n<p>Mat\u00e9riau : Tissu 1 : 100% Polyester Tissu 2 : 100% Polyester<\/p>","protected":false},"excerpt":{"rendered":"<p>Windabweisende Trainingshose mit Netz-Futter f\u00fcr optimalen Tragekomfort und verbesserter Funktion. Die ergonomische Passform sowie das dehnbare Material sorgen f\u00fcr optimale Bewegungsfreiheit. Kontraststreifen an den Seiten. Material: Fabric 1: 100% Polyester Fabric 2: 100% Polyester<\/p>","protected":false},"featured_media":248198,"template":"","meta":[],"product_brand":[],"product_cat":[4185],"product_tag":[],"class_list":{"0":"post-92768","1":"product","2":"type-product","3":"status-publish","4":"has-post-thumbnail","6":"product_cat-hosen","7":"pa_brand-craft-teamwear","8":"pa_brand-type-sportswear","9":"pa_filter-color-schwarz","10":"pa_filter-color-weiss","12":"first","13":"instock","14":"sale","15":"taxable","16":"shipping-taxable","17":"purchasable","18":"product-type-variable","19":"add-to-wishlist-before_image"},"exclude_global_add_ons":[],"addons":[],"acf":[],"_links":{"self":[{"href":"https:\/\/shop.kustom.ch\/fr\/wp-json\/wp\/v2\/product\/92768"}],"collection":[{"href":"https:\/\/shop.kustom.ch\/fr\/wp-json\/wp\/v2\/product"}],"about":[{"href":"https:\/\/shop.kustom.ch\/fr\/wp-json\/wp\/v2\/types\/product"}],"wp:featuredmedia":[{"embeddable":true,"href":"https:\/\/shop.kustom.ch\/fr\/wp-json\/wp\/v2\/media\/248198"}],"wp:attachment":[{"href":"https:\/\/shop.kustom.ch\/fr\/wp-json\/wp\/v2\/media?parent=92768"}],"wp:term":[{"taxonomy":"product_brand","embeddable":true,"href":"https:\/\/shop.kustom.ch\/fr\/wp-json\/wp\/v2\/product_brand?post=92768"},{"taxonomy":"product_cat","embeddable":true,"href":"https:\/\/shop.kustom.ch\/fr\/wp-json\/wp\/v2\/product_cat?post=92768"},{"taxonomy":"product_tag","embeddable":true,"href":"https:\/\/shop.kustom.ch\/fr\/wp-json\/wp\/v2\/product_tag?post=92768"}],"curies":[{"name":"wp","href":"https:\/\/api.w.org\/{rel}","templated":true}]}}