{"id":92602,"date":"2024-03-20T16:40:35","date_gmt":"2024-03-20T15:40:35","guid":{"rendered":"https:\/\/kustomshop.kinsta.cloud\/produkt\/pro-control-fade-jersey-m\/"},"modified":"2026-03-27T14:45:46","modified_gmt":"2026-03-27T13:45:46","slug":"pro-control-fade-jersey-m","status":"publish","type":"product","link":"https:\/\/shop.kustom.ch\/fr\/produit\/pro-control-fade-jersey-m\/","title":{"rendered":"Maillot Pro Control Fade M"},"content":{"rendered":"<p>Reste cool dans ce maillot raglan d\u00e9lav\u00e9 et discret. Fabriqu\u00e9 dans un mat\u00e9riau doux et hautement fonctionnel pour un confort et des performances optimales. Un design ergonomique et une grande extensibilit\u00e9 garantissent une excellente libert\u00e9 de mouvement.<\/p>\n<p>Mat\u00e9riau : Tissu 1 : 100% Polyester<\/p>","protected":false},"excerpt":{"rendered":"<p>Bleib cool in diesem verblassten, unauff\u00e4lligen Raglan-Trikot. Aus weichem und hochfunktionellem Material f\u00fcr optimalen Komfort und Leistung. Ergonomisches Design und grosse Dehnbarkeit sorgen f\u00fcr ausgezeichnete Bewegungsfreiheit. Material: Fabric 1: 100% Polyester<\/p>","protected":false},"featured_media":248174,"template":"","meta":[],"product_brand":[],"product_cat":[4201],"product_tag":[],"class_list":{"0":"post-92602","1":"product","2":"type-product","3":"status-publish","4":"has-post-thumbnail","6":"product_cat-t-shirts","7":"pa_brand-craft-teamwear","8":"pa_brand-type-sportswear","9":"pa_filter-color-blau","10":"pa_filter-color-grau","11":"pa_filter-color-gruen","12":"pa_filter-color-schwarz","13":"pa_filter-color-weiss","15":"first","16":"instock","17":"sale","18":"taxable","19":"shipping-taxable","20":"purchasable","21":"product-type-variable","22":"add-to-wishlist-before_image"},"exclude_global_add_ons":[],"addons":[],"acf":[],"_links":{"self":[{"href":"https:\/\/shop.kustom.ch\/fr\/wp-json\/wp\/v2\/product\/92602"}],"collection":[{"href":"https:\/\/shop.kustom.ch\/fr\/wp-json\/wp\/v2\/product"}],"about":[{"href":"https:\/\/shop.kustom.ch\/fr\/wp-json\/wp\/v2\/types\/product"}],"wp:featuredmedia":[{"embeddable":true,"href":"https:\/\/shop.kustom.ch\/fr\/wp-json\/wp\/v2\/media\/248174"}],"wp:attachment":[{"href":"https:\/\/shop.kustom.ch\/fr\/wp-json\/wp\/v2\/media?parent=92602"}],"wp:term":[{"taxonomy":"product_brand","embeddable":true,"href":"https:\/\/shop.kustom.ch\/fr\/wp-json\/wp\/v2\/product_brand?post=92602"},{"taxonomy":"product_cat","embeddable":true,"href":"https:\/\/shop.kustom.ch\/fr\/wp-json\/wp\/v2\/product_cat?post=92602"},{"taxonomy":"product_tag","embeddable":true,"href":"https:\/\/shop.kustom.ch\/fr\/wp-json\/wp\/v2\/product_tag?post=92602"}],"curies":[{"name":"wp","href":"https:\/\/api.w.org\/{rel}","templated":true}]}}