{"id":92411,"date":"2024-03-20T16:39:51","date_gmt":"2024-03-20T15:39:51","guid":{"rendered":"https:\/\/kustomshop.kinsta.cloud\/produkt\/pro-control-button-jersey-m\/"},"modified":"2026-03-27T14:37:50","modified_gmt":"2026-03-27T13:37:50","slug":"pro-control-button-jersey-m","status":"publish","type":"product","link":"https:\/\/shop.kustom.ch\/fr\/produit\/pro-control-button-jersey-m\/","title":{"rendered":"Pro Control Button Jersey M"},"content":{"rendered":"<p>Maillot r\u00e9tro styl\u00e9 avec patte de boutonnage \u00e0 3 boutons, tricot jacquard sur le devant et inserts en filet sur les c\u00f4t\u00e9s pour une meilleure ventilation. Fabriqu\u00e9 avec des tissus hautement fonctionnels pour une gestion optimale de la temp\u00e9rature corporelle. Le design ergonomique et les poignets \u00e9lastiques assurent un ajustement optimal.<\/p>\n<p>Mat\u00e9riau : Tissu 1 : 100% Polyester Tissu 2 : 100% Polyester Tissu 3 : 100% Polyester<\/p>","protected":false},"excerpt":{"rendered":"<p>Stylisches Retro-Trikot mit 3-Knopfleiste, Jacquard-Strick vorne und Netzeins\u00e4tzen an den Seiten f\u00fcr verbesserte Bel\u00fcftung. Hergestellt aus hochfunktionellen Stoffen f\u00fcr ein optimales K\u00f6rpertemperaturmanagement. Ergonomisches Design und elastische B\u00fcndchen sorgen f\u00fcr eine optimale Passform. Material: Fabric 1: 100% Polyester Fabric 2: 100% Polyester Fabric 3: 100% Polyester<\/p>","protected":false},"featured_media":248146,"template":"","meta":[],"product_brand":[],"product_cat":[4201],"product_tag":[],"class_list":{"0":"post-92411","1":"product","2":"type-product","3":"status-publish","4":"has-post-thumbnail","6":"product_cat-t-shirts","7":"pa_brand-craft-teamwear","8":"pa_brand-type-sportswear","9":"pa_filter-color-gelb","10":"pa_filter-color-rot","11":"pa_filter-color-schwarz","12":"pa_filter-color-weiss","14":"first","15":"instock","16":"sale","17":"taxable","18":"shipping-taxable","19":"purchasable","20":"product-type-variable","21":"add-to-wishlist-before_image"},"exclude_global_add_ons":[],"addons":[],"acf":[],"_links":{"self":[{"href":"https:\/\/shop.kustom.ch\/fr\/wp-json\/wp\/v2\/product\/92411"}],"collection":[{"href":"https:\/\/shop.kustom.ch\/fr\/wp-json\/wp\/v2\/product"}],"about":[{"href":"https:\/\/shop.kustom.ch\/fr\/wp-json\/wp\/v2\/types\/product"}],"wp:featuredmedia":[{"embeddable":true,"href":"https:\/\/shop.kustom.ch\/fr\/wp-json\/wp\/v2\/media\/248146"}],"wp:attachment":[{"href":"https:\/\/shop.kustom.ch\/fr\/wp-json\/wp\/v2\/media?parent=92411"}],"wp:term":[{"taxonomy":"product_brand","embeddable":true,"href":"https:\/\/shop.kustom.ch\/fr\/wp-json\/wp\/v2\/product_brand?post=92411"},{"taxonomy":"product_cat","embeddable":true,"href":"https:\/\/shop.kustom.ch\/fr\/wp-json\/wp\/v2\/product_cat?post=92411"},{"taxonomy":"product_tag","embeddable":true,"href":"https:\/\/shop.kustom.ch\/fr\/wp-json\/wp\/v2\/product_tag?post=92411"}],"curies":[{"name":"wp","href":"https:\/\/api.w.org\/{rel}","templated":true}]}}