{"id":92394,"date":"2024-03-20T16:39:46","date_gmt":"2024-03-20T15:39:46","guid":{"rendered":"https:\/\/kustomshop.kinsta.cloud\/produkt\/siberian-2-0-glove\/"},"modified":"2026-03-27T13:24:07","modified_gmt":"2026-03-27T12:24:07","slug":"siberian-2-0-glove","status":"publish","type":"product","link":"https:\/\/shop.kustom.ch\/fr\/produit\/siberian-2-0-glove\/","title":{"rendered":"Gant Sib\u00e9rien 2.0"},"content":{"rendered":"<p>Gants chauds, coupe-vent et imperm\u00e9ables pour le cyclisme avec doublure en polaire et rev\u00eatement en silicone sur la paume de la main.<br \/>\n- Mat\u00e9riau ext\u00e9rieur r\u00e9sistant au vent et \u00e0 l'eau<br \/>\n- Doublure en polaire pour une chaleur optimale<br \/>\n- Mat\u00e9riau Softshell doux et d\u00e9perlant sur la paume des mains<br \/>\n- rev\u00eatement en silicone sur la paume de la main pour une adh\u00e9rence optimale<br \/>\n- fermeture velcro<br \/>\n- Coupe ergonomique<br \/>\n- Tissu \u00e9ponge doux pour le pouce<br \/>\n- Impression r\u00e9fl\u00e9chissante<br \/>\n- Design en relief<\/p>\n<p>Mat\u00e9riau : Backhand : Front : 94% polyester 6% \u00e9lasthanne Mid : 100% polyur\u00e9thane Back : 100% polyester, Palm : 100% polyester, Doublure : 100% polyester<\/p>","protected":false},"excerpt":{"rendered":"<p>Warme, wind- und wasserfeste Handschuhe zum Radfahren mit Fleece-Futter und Silikonbeschichtung auf den Handinnenseiten. \u2022 Wind- und wasserfestes Aussenmaterial \u2022 Fleece-Futter f\u00fcr optimale W\u00e4rme \u2022 Weiches, wasserabweisendes Softshell-Material auf den Handinnenseiten \u2022 Silikonbeschichtung auf den Handinnenseiten f\u00fcr optimalen Grip \u2022 Klettverschluss \u2022 Ergonomische Passform \u2022 Weiches Frottee beim Daumen \u2022 Reflektierender Print \u2022 Gepr\u00e4gtes Design [&hellip;]<\/p>\n","protected":false},"featured_media":248144,"template":"","meta":[],"product_brand":[],"product_cat":[4180],"product_tag":[],"class_list":{"0":"post-92394","1":"product","2":"type-product","3":"status-publish","4":"has-post-thumbnail","6":"product_cat-handschuhe","7":"pa_brand-craft-retail-sportswear","8":"pa_brand-type-sportswear","9":"pa_filter-color-gelb","10":"pa_filter-color-schwarz","12":"first","13":"instock","14":"sale","15":"taxable","16":"shipping-taxable","17":"purchasable","18":"product-type-variable","19":"add-to-wishlist-before_image"},"exclude_global_add_ons":[],"addons":[],"acf":[],"_links":{"self":[{"href":"https:\/\/shop.kustom.ch\/fr\/wp-json\/wp\/v2\/product\/92394"}],"collection":[{"href":"https:\/\/shop.kustom.ch\/fr\/wp-json\/wp\/v2\/product"}],"about":[{"href":"https:\/\/shop.kustom.ch\/fr\/wp-json\/wp\/v2\/types\/product"}],"wp:featuredmedia":[{"embeddable":true,"href":"https:\/\/shop.kustom.ch\/fr\/wp-json\/wp\/v2\/media\/248144"}],"wp:attachment":[{"href":"https:\/\/shop.kustom.ch\/fr\/wp-json\/wp\/v2\/media?parent=92394"}],"wp:term":[{"taxonomy":"product_brand","embeddable":true,"href":"https:\/\/shop.kustom.ch\/fr\/wp-json\/wp\/v2\/product_brand?post=92394"},{"taxonomy":"product_cat","embeddable":true,"href":"https:\/\/shop.kustom.ch\/fr\/wp-json\/wp\/v2\/product_cat?post=92394"},{"taxonomy":"product_tag","embeddable":true,"href":"https:\/\/shop.kustom.ch\/fr\/wp-json\/wp\/v2\/product_tag?post=92394"}],"curies":[{"name":"wp","href":"https:\/\/api.w.org\/{rel}","templated":true}]}}