{"id":92335,"date":"2024-03-20T16:39:27","date_gmt":"2024-03-20T15:39:27","guid":{"rendered":"https:\/\/kustomshop.kinsta.cloud\/produkt\/glide-jacket-w\/"},"modified":"2026-03-27T13:49:14","modified_gmt":"2026-03-27T12:49:14","slug":"glide-jacket-w","status":"publish","type":"product","link":"https:\/\/shop.kustom.ch\/fr\/produit\/glide-jacket-w\/","title":{"rendered":"Veste Glide W"},"content":{"rendered":"<p>Veste softshell avec dos \u00e9lastique et respirant pour tous les entra\u00eenements en plein air.<br \/>\n- Tissu softshell coupe-vent 3 couches avec membrane coupe-vent Ventair\u00ae int\u00e9gr\u00e9e (8 000 WP \/ 8 000 MVP) et chin\u00e9 \u00e0 l'arri\u00e8re pour un \u00e9quilibre parfait entre protection, chaleur et ventilation<br \/>\n- Jersey \u00e9lastique \u00e0 l'arri\u00e8re pour une libert\u00e9 de mouvement illimit\u00e9e et une bonne ventilation<br \/>\n- Se combine parfaitement avec des mid-layers pour une excellente gestion de la temp\u00e9rature corporelle<br \/>\n- Int\u00e9rieur rugueux de couleur discr\u00e8te<br \/>\n- Deux poches avant avec fermeture \u00e9clair<br \/>\n- Se combine id\u00e9alement avec le Glide-Pants<\/p>\n<p>Mat\u00e9riau : Corps : Face 100% Polyester Mid 100% Polyur\u00e9thane Back 100% Polyester Upper back body : 92% Polyester recycl\u00e9 8% Elasthanne<\/p>","protected":false},"excerpt":{"rendered":"<p>Softshell-Jacke mit elastischer, atmungsaktiver R\u00fcckseite f\u00fcr alle Outdoor-Trainings. \u2022 Winddichtes 3-Lagen-Softshell-Material mit integrierter Windschutzmembran Ventair\u00ae (8\u00a0000\u00a0WP\u00a0\/\u00a08\u00a0000\u00a0MVP) und meliert hinten f\u00fcr perfektes Gleichgewicht zwischen Schutz, W\u00e4rme und Ventilation \u2022 Elastischer Jersey hinten f\u00fcr uneingeschr\u00e4nkte Bewegungsfreiheit und gute Ventilation \u2022 Perfekt kombinierbar mit Mid-Layers f\u00fcr ein hervorragendes K\u00f6rpertemperaturmanagement \u2022 Angeraute Innenseite mir dezenter Farbe \u2022 Zwei Fronttaschen [&hellip;]<\/p>\n","protected":false},"featured_media":248137,"template":"","meta":[],"product_brand":[],"product_cat":[4186],"product_tag":[],"class_list":{"0":"post-92335","1":"product","2":"type-product","3":"status-publish","4":"has-post-thumbnail","6":"product_cat-jacken","7":"pa_brand-craft-retail-sportswear","8":"pa_brand-type-sportswear","9":"pa_filter-color-grau","10":"pa_filter-color-gruen","12":"first","13":"instock","14":"sale","15":"taxable","16":"shipping-taxable","17":"purchasable","18":"product-type-variable","19":"add-to-wishlist-before_image"},"exclude_global_add_ons":[],"addons":[],"acf":[],"_links":{"self":[{"href":"https:\/\/shop.kustom.ch\/fr\/wp-json\/wp\/v2\/product\/92335"}],"collection":[{"href":"https:\/\/shop.kustom.ch\/fr\/wp-json\/wp\/v2\/product"}],"about":[{"href":"https:\/\/shop.kustom.ch\/fr\/wp-json\/wp\/v2\/types\/product"}],"wp:featuredmedia":[{"embeddable":true,"href":"https:\/\/shop.kustom.ch\/fr\/wp-json\/wp\/v2\/media\/248137"}],"wp:attachment":[{"href":"https:\/\/shop.kustom.ch\/fr\/wp-json\/wp\/v2\/media?parent=92335"}],"wp:term":[{"taxonomy":"product_brand","embeddable":true,"href":"https:\/\/shop.kustom.ch\/fr\/wp-json\/wp\/v2\/product_brand?post=92335"},{"taxonomy":"product_cat","embeddable":true,"href":"https:\/\/shop.kustom.ch\/fr\/wp-json\/wp\/v2\/product_cat?post=92335"},{"taxonomy":"product_tag","embeddable":true,"href":"https:\/\/shop.kustom.ch\/fr\/wp-json\/wp\/v2\/product_tag?post=92335"}],"curies":[{"name":"wp","href":"https:\/\/api.w.org\/{rel}","templated":true}]}}