{"id":92230,"date":"2024-03-20T16:38:47","date_gmt":"2024-03-20T15:38:47","guid":{"rendered":"https:\/\/kustomshop.kinsta.cloud\/produkt\/urban-rain-pants-m\/"},"modified":"2026-03-27T15:11:04","modified_gmt":"2026-03-27T14:11:04","slug":"urban-rain-pants-m","status":"publish","type":"product","link":"https:\/\/shop.kustom.ch\/fr\/produit\/urban-rain-pants-m\/","title":{"rendered":"Urban rain pants M"},"content":{"rendered":"<p>Pantalon de pluie moderne avec des coutures \u00e9tanches et scell\u00e9es. Inspir\u00e9 par l'\u00e9clat des rues mouill\u00e9es \u00e0 la lueur des lanternes, des tissus brillants et mats ont \u00e9t\u00e9 combin\u00e9s et donnent au pantalon une expression urbaine. Le mat\u00e9riau imperm\u00e9able et les coutures soud\u00e9es assurent une excellente \u00e9tanch\u00e9it\u00e9. WP 8.000 \/ MVP 8.000<br \/>\n- Coutures soud\u00e9es<br \/>\n-r\u00e9glable au bas des jambes<br \/>\n-Passepoil r\u00e9fl\u00e9chissant sur les genoux<br \/>\n-8000 WP\/8000 MVP<\/p>\n<p>Mat\u00e9riau : 100% polyester recycl\u00e9<\/p>","protected":false},"excerpt":{"rendered":"<p>Moderne Regenhose mit getapten, wasserdichten N\u00e4hten. Inspiriert vom Glanz nasser Strassen im Laternenschein, wurden gl\u00e4nzende und matte Stoffe kombiniert und verleihen der Hose einen urbanen Ausdruck. Das wasserdichte Material und die getapten N\u00e4hte sorgen f\u00fcr beste Wasserdichtigkeit. WP 8.000 \/ MVP 8.000 \u2022 Verschweisste N\u00e4hte \u2022Verstellbar an den Beinenden \u2022Reflektierende Paspelierung an den Knien \u20228000\u00a0WP\/8000\u00a0MVP [&hellip;]<\/p>\n","protected":false},"featured_media":248123,"template":"","meta":[],"product_brand":[],"product_cat":[4185],"product_tag":[],"class_list":{"0":"post-92230","1":"product","2":"type-product","3":"status-publish","4":"has-post-thumbnail","6":"product_cat-hosen","7":"pa_brand-craft-retail-sportswear","8":"pa_brand-type-sportswear","9":"pa_filter-color-schwarz","11":"first","12":"instock","13":"sale","14":"taxable","15":"shipping-taxable","16":"purchasable","17":"product-type-variable","18":"add-to-wishlist-before_image"},"exclude_global_add_ons":[],"addons":[],"acf":[],"_links":{"self":[{"href":"https:\/\/shop.kustom.ch\/fr\/wp-json\/wp\/v2\/product\/92230"}],"collection":[{"href":"https:\/\/shop.kustom.ch\/fr\/wp-json\/wp\/v2\/product"}],"about":[{"href":"https:\/\/shop.kustom.ch\/fr\/wp-json\/wp\/v2\/types\/product"}],"wp:featuredmedia":[{"embeddable":true,"href":"https:\/\/shop.kustom.ch\/fr\/wp-json\/wp\/v2\/media\/248123"}],"wp:attachment":[{"href":"https:\/\/shop.kustom.ch\/fr\/wp-json\/wp\/v2\/media?parent=92230"}],"wp:term":[{"taxonomy":"product_brand","embeddable":true,"href":"https:\/\/shop.kustom.ch\/fr\/wp-json\/wp\/v2\/product_brand?post=92230"},{"taxonomy":"product_cat","embeddable":true,"href":"https:\/\/shop.kustom.ch\/fr\/wp-json\/wp\/v2\/product_cat?post=92230"},{"taxonomy":"product_tag","embeddable":true,"href":"https:\/\/shop.kustom.ch\/fr\/wp-json\/wp\/v2\/product_tag?post=92230"}],"curies":[{"name":"wp","href":"https:\/\/api.w.org\/{rel}","templated":true}]}}