{"id":92201,"date":"2024-03-20T16:38:36","date_gmt":"2024-03-20T15:38:36","guid":{"rendered":"https:\/\/kustomshop.kinsta.cloud\/produkt\/urban-rain-jacket-w\/"},"modified":"2026-03-27T14:59:33","modified_gmt":"2026-03-27T13:59:33","slug":"urban-rain-jacket-w","status":"publish","type":"product","link":"https:\/\/shop.kustom.ch\/fr\/produit\/urban-rain-jacket-w\/","title":{"rendered":"Urban Rain Jacket W"},"content":{"rendered":"<p>Veste de pluie avec coutures scell\u00e9es, fermetures \u00e0 glissi\u00e8re \u00e9tanches et capuche amovible. Inspir\u00e9e par l'\u00e9clat des rues mouill\u00e9es \u00e0 la lueur des lanternes, des tissus brillants et mats ont \u00e9t\u00e9 combin\u00e9s pour donner \u00e0 la veste une expression urbaine. Le tissu imperm\u00e9able et les coutures soud\u00e9es assurent une excellente \u00e9tanch\u00e9it\u00e9. En outre, la veste dispose d'une capuche r\u00e9glable et amovible, de poignets r\u00e9glables et de quatre poches. WP 8000 \/ MVP 8000<br \/>\n- Capuche r\u00e9glable et amovible \u00e0 plusieurs reprises<br \/>\n-Ceinture ajustable<br \/>\n-coutures soud\u00e9es<br \/>\n-Deux poches pour les mains et poches avant<br \/>\n-8000 WP\/8000 MVP<\/p>\n<p>Mat\u00e9riau : 100% polyester recycl\u00e9<\/p>","protected":false},"excerpt":{"rendered":"<p>Regenjacke mit getapten N\u00e4hten, wasserdichten Reissverschl\u00fcssen und abnehmbarer Kapuze. Inspiriert vom Glanz nasser Strassen im Laternenschein, wurden gl\u00e4nzende und matte Stoffe kombiniert und verleihen der Jacke einen urbanen Ausdruck. Das wasserdichte Material und die getapten N\u00e4hte sorgen f\u00fcr beste Wasserdichtigkeit. Dar\u00fcber hinaus verf\u00fcgt die Jacke \u00fcber eine mehrfach verstellbare und abnehmbare Kapuze, verstellbaren \u00c4rmelabschl\u00fcssen und [&hellip;]<\/p>\n","protected":false},"featured_media":248120,"template":"","meta":[],"product_brand":[],"product_cat":[4186],"product_tag":[],"class_list":{"0":"post-92201","1":"product","2":"type-product","3":"status-publish","4":"has-post-thumbnail","6":"product_cat-jacken","7":"pa_brand-craft-retail-sportswear","8":"pa_brand-type-sportswear","9":"pa_filter-color-schwarz","11":"first","12":"instock","13":"sale","14":"taxable","15":"shipping-taxable","16":"purchasable","17":"product-type-variable","18":"add-to-wishlist-before_image"},"exclude_global_add_ons":[],"addons":[],"acf":[],"_links":{"self":[{"href":"https:\/\/shop.kustom.ch\/fr\/wp-json\/wp\/v2\/product\/92201"}],"collection":[{"href":"https:\/\/shop.kustom.ch\/fr\/wp-json\/wp\/v2\/product"}],"about":[{"href":"https:\/\/shop.kustom.ch\/fr\/wp-json\/wp\/v2\/types\/product"}],"wp:featuredmedia":[{"embeddable":true,"href":"https:\/\/shop.kustom.ch\/fr\/wp-json\/wp\/v2\/media\/248120"}],"wp:attachment":[{"href":"https:\/\/shop.kustom.ch\/fr\/wp-json\/wp\/v2\/media?parent=92201"}],"wp:term":[{"taxonomy":"product_brand","embeddable":true,"href":"https:\/\/shop.kustom.ch\/fr\/wp-json\/wp\/v2\/product_brand?post=92201"},{"taxonomy":"product_cat","embeddable":true,"href":"https:\/\/shop.kustom.ch\/fr\/wp-json\/wp\/v2\/product_cat?post=92201"},{"taxonomy":"product_tag","embeddable":true,"href":"https:\/\/shop.kustom.ch\/fr\/wp-json\/wp\/v2\/product_tag?post=92201"}],"curies":[{"name":"wp","href":"https:\/\/api.w.org\/{rel}","templated":true}]}}