{"id":92129,"date":"2024-03-20T16:38:19","date_gmt":"2024-03-20T15:38:19","guid":{"rendered":"https:\/\/kustomshop.kinsta.cloud\/produkt\/mountain-jacket-m\/"},"modified":"2026-03-27T14:47:16","modified_gmt":"2026-03-27T13:47:16","slug":"mountain-jacket-m","status":"publish","type":"product","link":"https:\/\/shop.kustom.ch\/fr\/produit\/mountain-jacket-m\/","title":{"rendered":"Veste de montagne M"},"content":{"rendered":"<p>Veste moderne, en mat\u00e9riau imperm\u00e9able au vent et \u00e0 l'eau (WP 8000\/MVP 8000) avec col haut et capuche amovible. Gr\u00e2ce \u00e0 son design \u00e9pur\u00e9, la Mountain Jacket s'adapte aussi bien \u00e0 la maison qu'en ville, sur les pistes ou en backcountry. Le mat\u00e9riau agr\u00e9ablement doux offre un excellent confort et une protection optimale contre les intemp\u00e9ries.<br \/>\n- Deux poches lat\u00e9rales zipp\u00e9es et poche pour skis zipp\u00e9e sur la manche<br \/>\n-poche int\u00e9rieure zipp\u00e9e sur le c\u00f4t\u00e9 droit<br \/>\n-Passepoil r\u00e9fl\u00e9chissant sur la capuche<br \/>\n-Ceinture r\u00e9glable par cordon \u00e9lastique avec stoppeurs pour un ajustement optimal<br \/>\n-poignets en jersey avec trou pour le pouce dans la manche pour un meilleur confort<br \/>\n-8000 WP\/8000 MVP<\/p>\n<p>Mat\u00e9riau : 100% polyester recycl\u00e9<\/p>","protected":false},"excerpt":{"rendered":"<p>Moderne Jacke, aus wind- und wasserdichtem Material (WP 8000\/MVP 8000) mit hohem Kragen und abnehmbarer Kapuze. Durch das cleane Design passt die Mountain Jacket zu Hause, in die Stadt sowie auf die Piste und ins Backcountry. Das angenehm weiche Material bietet hervorragenden Tragekomfort und optimalen Wetterschutz. \u2022 Zwei Eingrifftaschen an den Seiten mit Reissverschluss und [&hellip;]<\/p>\n","protected":false},"featured_media":248111,"template":"","meta":[],"product_brand":[],"product_cat":[4186],"product_tag":[],"class_list":{"0":"post-92129","1":"product","2":"type-product","3":"status-publish","4":"has-post-thumbnail","6":"product_cat-jacken","7":"pa_brand-craft-retail-sportswear","8":"pa_brand-type-sportswear","9":"pa_filter-color-blau","10":"pa_filter-color-gruen","11":"pa_filter-color-schwarz","13":"first","14":"instock","15":"sale","16":"taxable","17":"shipping-taxable","18":"purchasable","19":"product-type-variable","20":"add-to-wishlist-before_image"},"exclude_global_add_ons":[],"addons":[],"acf":[],"_links":{"self":[{"href":"https:\/\/shop.kustom.ch\/fr\/wp-json\/wp\/v2\/product\/92129"}],"collection":[{"href":"https:\/\/shop.kustom.ch\/fr\/wp-json\/wp\/v2\/product"}],"about":[{"href":"https:\/\/shop.kustom.ch\/fr\/wp-json\/wp\/v2\/types\/product"}],"wp:featuredmedia":[{"embeddable":true,"href":"https:\/\/shop.kustom.ch\/fr\/wp-json\/wp\/v2\/media\/248111"}],"wp:attachment":[{"href":"https:\/\/shop.kustom.ch\/fr\/wp-json\/wp\/v2\/media?parent=92129"}],"wp:term":[{"taxonomy":"product_brand","embeddable":true,"href":"https:\/\/shop.kustom.ch\/fr\/wp-json\/wp\/v2\/product_brand?post=92129"},{"taxonomy":"product_cat","embeddable":true,"href":"https:\/\/shop.kustom.ch\/fr\/wp-json\/wp\/v2\/product_cat?post=92129"},{"taxonomy":"product_tag","embeddable":true,"href":"https:\/\/shop.kustom.ch\/fr\/wp-json\/wp\/v2\/product_tag?post=92129"}],"curies":[{"name":"wp","href":"https:\/\/api.w.org\/{rel}","templated":true}]}}