{"id":91991,"date":"2024-03-20T16:37:44","date_gmt":"2024-03-20T15:37:44","guid":{"rendered":"https:\/\/kustomshop.kinsta.cloud\/produkt\/progress-baselayer-cn-ls-w\/"},"modified":"2026-03-27T15:48:51","modified_gmt":"2026-03-27T14:48:51","slug":"progress-baselayer-cn-ls-w","status":"publish","type":"product","link":"https:\/\/shop.kustom.ch\/fr\/produit\/progress-baselayer-cn-ls-w\/","title":{"rendered":"Progress Baselayer CN LS W"},"content":{"rendered":"<p>Nos sous-v\u00eatements fonctionnels t'aident \u00e0 passer \u00e0 un niveau sportif sup\u00e9rieur. Gr\u00e2ce \u00e0 sa structure tricot\u00e9e sp\u00e9ciale, ce t-shirt \u00e0 manches longues te rafra\u00eechit pendant le sport et te r\u00e9chauffe pendant les phases de repos. Le corps est maintenu au sec et dans une plage de temp\u00e9rature optimale. Le s\u00e9chage rapide, les coutures plates qui s'adaptent aux mouvements et l'\u00e9lasticit\u00e9 \u00e9lev\u00e9e garantissent un confort maximal.<br \/>\n- Coupe ajust\u00e9e<br \/>\n-Les coutures plates s'adaptent aux mouvements du corps<br \/>\n-+BQ4<\/p>\n<p>Mat\u00e9riau : 100 % polyester<\/p>","protected":false},"excerpt":{"rendered":"<p>Unsere Funktionsunterw\u00e4sche unterst\u00fctzt dich beim Sprung auf ein h\u00f6heres sportliches Level. Durch die spezielle Strickstruktur k\u00fchlt Dich dieses Langarm-Shirt w\u00e4hrend des Sports, und in Ruhephasen w\u00e4rmt es Dich. Der K\u00f6rper wird trocken und in einem optimalen Temperaturbereich gehalten. Schnell trocknend, Flachn\u00e4hte die sich der Bewegung anpassen und eine hohe Elastizit\u00e4t garantieren h\u00f6chsten Tragekomfort. \u2022 Enge [&hellip;]<\/p>\n","protected":false},"featured_media":248089,"template":"","meta":[],"product_brand":[],"product_cat":[4206],"product_tag":[],"class_list":{"0":"post-91991","1":"product","2":"type-product","3":"status-publish","4":"has-post-thumbnail","6":"product_cat-underwear","7":"pa_brand-craft-teamwear","8":"pa_brand-type-sportswear","9":"pa_filter-color-blau","10":"pa_filter-color-gelb","11":"pa_filter-color-gruen","12":"pa_filter-color-rot","13":"pa_filter-color-schwarz","14":"pa_filter-color-weiss","16":"first","17":"instock","18":"sale","19":"taxable","20":"shipping-taxable","21":"purchasable","22":"product-type-variable","23":"add-to-wishlist-before_image"},"exclude_global_add_ons":[],"addons":[],"acf":[],"_links":{"self":[{"href":"https:\/\/shop.kustom.ch\/fr\/wp-json\/wp\/v2\/product\/91991"}],"collection":[{"href":"https:\/\/shop.kustom.ch\/fr\/wp-json\/wp\/v2\/product"}],"about":[{"href":"https:\/\/shop.kustom.ch\/fr\/wp-json\/wp\/v2\/types\/product"}],"wp:featuredmedia":[{"embeddable":true,"href":"https:\/\/shop.kustom.ch\/fr\/wp-json\/wp\/v2\/media\/248089"}],"wp:attachment":[{"href":"https:\/\/shop.kustom.ch\/fr\/wp-json\/wp\/v2\/media?parent=91991"}],"wp:term":[{"taxonomy":"product_brand","embeddable":true,"href":"https:\/\/shop.kustom.ch\/fr\/wp-json\/wp\/v2\/product_brand?post=91991"},{"taxonomy":"product_cat","embeddable":true,"href":"https:\/\/shop.kustom.ch\/fr\/wp-json\/wp\/v2\/product_cat?post=91991"},{"taxonomy":"product_tag","embeddable":true,"href":"https:\/\/shop.kustom.ch\/fr\/wp-json\/wp\/v2\/product_tag?post=91991"}],"curies":[{"name":"wp","href":"https:\/\/api.w.org\/{rel}","templated":true}]}}