{"id":91988,"date":"2024-03-20T16:37:41","date_gmt":"2024-03-20T15:37:41","guid":{"rendered":"https:\/\/kustomshop.kinsta.cloud\/produkt\/media-belt\/"},"modified":"2026-03-27T14:42:53","modified_gmt":"2026-03-27T13:42:53","slug":"media-belt","status":"publish","type":"product","link":"https:\/\/shop.kustom.ch\/fr\/produit\/media-belt\/","title":{"rendered":"Media belt"},"content":{"rendered":"<p>Ceinture multim\u00e9dia \u00e9tanche avec pochette flexible adapt\u00e9e \u00e0 tous les types de t\u00e9l\u00e9phones portables.<br \/>\n-<\/p>\n<p>Mat\u00e9riau : polyamide 100%<\/p>","protected":false},"excerpt":{"rendered":"<p>Wasserdichter Medieng\u00fcrtel mit flexiblem Beutel, der f\u00fcr alle Arten von Handys geeignet ist. \u2022 Material: 100% Polyamid<\/p>","protected":false},"featured_media":248088,"template":"","meta":[],"product_brand":[],"product_cat":[9643,4178],"product_tag":[],"class_list":{"0":"post-91988","1":"product","2":"type-product","3":"status-publish","4":"has-post-thumbnail","6":"product_cat-equipment","7":"product_cat-guertel","8":"pa_brand-craft-retail-sportswear","9":"pa_brand-type-sportswear","10":"pa_filter-color-schwarz","12":"first","13":"instock","14":"sale","15":"taxable","16":"shipping-taxable","17":"purchasable","18":"product-type-variable","19":"add-to-wishlist-before_image"},"exclude_global_add_ons":[],"addons":[],"acf":[],"_links":{"self":[{"href":"https:\/\/shop.kustom.ch\/fr\/wp-json\/wp\/v2\/product\/91988"}],"collection":[{"href":"https:\/\/shop.kustom.ch\/fr\/wp-json\/wp\/v2\/product"}],"about":[{"href":"https:\/\/shop.kustom.ch\/fr\/wp-json\/wp\/v2\/types\/product"}],"wp:featuredmedia":[{"embeddable":true,"href":"https:\/\/shop.kustom.ch\/fr\/wp-json\/wp\/v2\/media\/248088"}],"wp:attachment":[{"href":"https:\/\/shop.kustom.ch\/fr\/wp-json\/wp\/v2\/media?parent=91988"}],"wp:term":[{"taxonomy":"product_brand","embeddable":true,"href":"https:\/\/shop.kustom.ch\/fr\/wp-json\/wp\/v2\/product_brand?post=91988"},{"taxonomy":"product_cat","embeddable":true,"href":"https:\/\/shop.kustom.ch\/fr\/wp-json\/wp\/v2\/product_cat?post=91988"},{"taxonomy":"product_tag","embeddable":true,"href":"https:\/\/shop.kustom.ch\/fr\/wp-json\/wp\/v2\/product_tag?post=91988"}],"curies":[{"name":"wp","href":"https:\/\/api.w.org\/{rel}","templated":true}]}}