{"id":91970,"date":"2024-03-20T16:37:33","date_gmt":"2024-03-20T15:37:33","guid":{"rendered":"https:\/\/kustomshop.kinsta.cloud\/produkt\/rain-glove-2-0\/"},"modified":"2026-03-27T13:29:55","modified_gmt":"2026-03-27T12:29:55","slug":"rain-glove-2-0","status":"publish","type":"product","link":"https:\/\/shop.kustom.ch\/fr\/produit\/rain-glove-2-0\/","title":{"rendered":"Gant de pluie 2.0"},"content":{"rendered":"<p>Gants r\u00e9sistants au vent et \u00e0 l'eau avec inserts en gel pour amortir les chocs et rev\u00eatement en silicone pour une adh\u00e9rence optimale.<br \/>\n- Inserts en gel aux points de pression sur la paume de la main pour amortir les chocs et assurer un confort optimal<br \/>\n- fermeture velcro<br \/>\n- \u00e9l\u00e9ments compatibles avec les \u00e9crans tactiles sur l'index et le pouce<br \/>\n- rev\u00eatement en silicone sur la paume de la main pour une adh\u00e9rence optimale<br \/>\n- Impressions r\u00e9fl\u00e9chissantes pour une meilleure visibilit\u00e9<br \/>\n- Broderie compatible avec les \u00e9crans tactiles<\/p>\n<p>Composition : dos : 95% polyester 5% \u00e9lasthanne, palm : 70% polyester, 30% polyur\u00e9thane, doublure : 100% polyester<\/p>","protected":false},"excerpt":{"rendered":"<p>Wind- und wasserfeste Handschuhe mit Geleins\u00e4tzen zur Stossd\u00e4mpfung und Silikonbeschichtung f\u00fcr optimalen Grip. \u2022 Geleins\u00e4tze an den Druckstellen auf den Handinnenfl\u00e4chen zur Stossd\u00e4mpfung und f\u00fcr optimalen Komfort \u2022 Klettverschluss \u2022 Touchscreen-kompatible Elemente an Zeigefinger und Daumen \u2022 Silikonbeschichtung auf den Handinnenseiten f\u00fcr optimalen Grip \u2022 Reflektierende Prints f\u00fcr bessere Sichtbarkeit \u2022 Touchscreen-kompatible Stickerei Material: Backhand: [&hellip;]<\/p>\n","protected":false},"featured_media":248086,"template":"","meta":[],"product_brand":[],"product_cat":[4180],"product_tag":[],"class_list":{"0":"post-91970","1":"product","2":"type-product","3":"status-publish","4":"has-post-thumbnail","6":"product_cat-handschuhe","7":"pa_brand-craft-retail-sportswear","8":"pa_brand-type-sportswear","9":"pa_filter-color-schwarz","11":"first","12":"instock","13":"sale","14":"taxable","15":"shipping-taxable","16":"purchasable","17":"product-type-variable","18":"add-to-wishlist-before_image"},"exclude_global_add_ons":[],"addons":[],"acf":[],"_links":{"self":[{"href":"https:\/\/shop.kustom.ch\/fr\/wp-json\/wp\/v2\/product\/91970"}],"collection":[{"href":"https:\/\/shop.kustom.ch\/fr\/wp-json\/wp\/v2\/product"}],"about":[{"href":"https:\/\/shop.kustom.ch\/fr\/wp-json\/wp\/v2\/types\/product"}],"wp:featuredmedia":[{"embeddable":true,"href":"https:\/\/shop.kustom.ch\/fr\/wp-json\/wp\/v2\/media\/248086"}],"wp:attachment":[{"href":"https:\/\/shop.kustom.ch\/fr\/wp-json\/wp\/v2\/media?parent=91970"}],"wp:term":[{"taxonomy":"product_brand","embeddable":true,"href":"https:\/\/shop.kustom.ch\/fr\/wp-json\/wp\/v2\/product_brand?post=91970"},{"taxonomy":"product_cat","embeddable":true,"href":"https:\/\/shop.kustom.ch\/fr\/wp-json\/wp\/v2\/product_cat?post=91970"},{"taxonomy":"product_tag","embeddable":true,"href":"https:\/\/shop.kustom.ch\/fr\/wp-json\/wp\/v2\/product_tag?post=91970"}],"curies":[{"name":"wp","href":"https:\/\/api.w.org\/{rel}","templated":true}]}}