{"id":91730,"date":"2024-03-20T16:36:37","date_gmt":"2024-03-20T15:36:37","guid":{"rendered":"https:\/\/kustomshop.kinsta.cloud\/produkt\/isolate-jacket-jr\/"},"modified":"2026-03-27T15:10:07","modified_gmt":"2026-03-27T14:10:07","slug":"isolate-jacket-jr","status":"publish","type":"product","link":"https:\/\/shop.kustom.ch\/fr\/produit\/isolate-jacket-jr\/","title":{"rendered":"Veste Isolate Jr"},"content":{"rendered":"<p>Veste longue doubl\u00e9e avec un tissu ext\u00e9rieur r\u00e9sistant, id\u00e9ale pour se r\u00e9chauffer quand il fait froid ou comme veste chaude pour le personnel et les joueurs sur le banc. Caract\u00e9ristiques : fermeture \u00e9clair \u00e0 double sens, capuche amovible, six poches et extr\u00e9mit\u00e9s des manches r\u00e9glables.<\/p>\n<p>Mat\u00e9riau : 100 % polyester<\/p>","protected":false},"excerpt":{"rendered":"<p>Gef\u00fctterte, lange Jacke mit strapazierf\u00e4higem Aussenmaterial, die sich ideal zum Aufw\u00e4rmen bei K\u00e4lte oder als warme Jacke f\u00fcr Mitarbeiter und Spieler auf der Bank eignet. Features: 2-Wege-Reissverschluss, abnehmbare Kapuze, sechs Taschen und verstellbare \u00c4rmelenden. Material: 100 % Polyester<\/p>","protected":false},"featured_media":248044,"template":"","meta":[],"product_brand":[],"product_cat":[4186],"product_tag":[],"class_list":{"0":"post-91730","1":"product","2":"type-product","3":"status-publish","4":"has-post-thumbnail","6":"product_cat-jacken","7":"pa_brand-craft-teamwear","8":"pa_brand-type-sportswear","9":"pa_filter-color-blau","10":"pa_filter-color-rot","11":"pa_filter-color-schwarz","13":"first","14":"instock","15":"sale","16":"taxable","17":"shipping-taxable","18":"purchasable","19":"product-type-variable","20":"add-to-wishlist-before_image"},"exclude_global_add_ons":[],"addons":[],"acf":[],"_links":{"self":[{"href":"https:\/\/shop.kustom.ch\/fr\/wp-json\/wp\/v2\/product\/91730"}],"collection":[{"href":"https:\/\/shop.kustom.ch\/fr\/wp-json\/wp\/v2\/product"}],"about":[{"href":"https:\/\/shop.kustom.ch\/fr\/wp-json\/wp\/v2\/types\/product"}],"wp:featuredmedia":[{"embeddable":true,"href":"https:\/\/shop.kustom.ch\/fr\/wp-json\/wp\/v2\/media\/248044"}],"wp:attachment":[{"href":"https:\/\/shop.kustom.ch\/fr\/wp-json\/wp\/v2\/media?parent=91730"}],"wp:term":[{"taxonomy":"product_brand","embeddable":true,"href":"https:\/\/shop.kustom.ch\/fr\/wp-json\/wp\/v2\/product_brand?post=91730"},{"taxonomy":"product_cat","embeddable":true,"href":"https:\/\/shop.kustom.ch\/fr\/wp-json\/wp\/v2\/product_cat?post=91730"},{"taxonomy":"product_tag","embeddable":true,"href":"https:\/\/shop.kustom.ch\/fr\/wp-json\/wp\/v2\/product_tag?post=91730"}],"curies":[{"name":"wp","href":"https:\/\/api.w.org\/{rel}","templated":true}]}}