{"id":91549,"date":"2024-03-20T16:35:46","date_gmt":"2024-03-20T15:35:46","guid":{"rendered":"https:\/\/kustomshop.kinsta.cloud\/produkt\/transit-45l-bag\/"},"modified":"2026-03-27T14:12:41","modified_gmt":"2026-03-27T13:12:41","slug":"transit-45l-bag","status":"publish","type":"product","link":"https:\/\/shop.kustom.ch\/fr\/produit\/transit-45l-bag\/","title":{"rendered":"Sac Transit 45L"},"content":{"rendered":"<p>Sac pratique pour les d\u00e9parts en week-end, avec des bretelles pour les mains et les \u00e9paules, des poches lat\u00e9rales, une grande poche ext\u00e9rieure et un grand logo Craft. 45 L.<\/p>\n<p>- 45 litres<br \/>\n- Bandouli\u00e8re<br \/>\n- Poign\u00e9e<br \/>\n- Poches lat\u00e9rales pratiques, dont une pour ranger les chaussures<br \/>\n- Grande poche ext\u00e9rieure pour les objets<br \/>\n- Grand marquage Craft<br \/>\n- 53 x 30 x 32 cm<\/p>\n<p>Mat\u00e9riau : Mat\u00e9riau 1 100% Polyester w PU coating, Mat\u00e9riau 2 : 100% Polyester w PU coating, Mat\u00e9riau 3 : 100% Polyester w PU coating<\/p>","protected":false},"excerpt":{"rendered":"<p>Praktische Tasche f\u00fcr Wochenendtrips mit Hand- und Schultertr\u00e4gern, Seitentaschen, grosser Aussentasche und grossem Craft-Logo. 45 L. \u2022 45 Liter \u2022 Schulterriemen \u2022 Handgriff \u2022 Praktische Seitentaschen, eine zum Verstauen der Schuhe \u2022 Grosse Aussentasche f\u00fcr Gegenst\u00e4nde \u2022 Grosse Craft-Kennzeichnung \u2022 53 x 30 x 32 cm Material: Material 1 100% Polyester w PU coating, Material [&hellip;]<\/p>\n","protected":false},"featured_media":248018,"template":"","meta":[],"product_brand":[],"product_cat":[9643,4195],"product_tag":[],"class_list":{"0":"post-91549","1":"product","2":"type-product","3":"status-publish","4":"has-post-thumbnail","6":"product_cat-equipment","7":"product_cat-rucksaecke-taschen","8":"pa_brand-craft-retail-sportswear","9":"pa_brand-type-sportswear","10":"pa_filter-color-schwarz","12":"first","13":"instock","14":"sale","15":"taxable","16":"shipping-taxable","17":"purchasable","18":"product-type-variable","19":"add-to-wishlist-before_image"},"exclude_global_add_ons":[],"addons":[],"acf":[],"_links":{"self":[{"href":"https:\/\/shop.kustom.ch\/fr\/wp-json\/wp\/v2\/product\/91549"}],"collection":[{"href":"https:\/\/shop.kustom.ch\/fr\/wp-json\/wp\/v2\/product"}],"about":[{"href":"https:\/\/shop.kustom.ch\/fr\/wp-json\/wp\/v2\/types\/product"}],"wp:featuredmedia":[{"embeddable":true,"href":"https:\/\/shop.kustom.ch\/fr\/wp-json\/wp\/v2\/media\/248018"}],"wp:attachment":[{"href":"https:\/\/shop.kustom.ch\/fr\/wp-json\/wp\/v2\/media?parent=91549"}],"wp:term":[{"taxonomy":"product_brand","embeddable":true,"href":"https:\/\/shop.kustom.ch\/fr\/wp-json\/wp\/v2\/product_brand?post=91549"},{"taxonomy":"product_cat","embeddable":true,"href":"https:\/\/shop.kustom.ch\/fr\/wp-json\/wp\/v2\/product_cat?post=91549"},{"taxonomy":"product_tag","embeddable":true,"href":"https:\/\/shop.kustom.ch\/fr\/wp-json\/wp\/v2\/product_tag?post=91549"}],"curies":[{"name":"wp","href":"https:\/\/api.w.org\/{rel}","templated":true}]}}