{"id":91540,"date":"2024-03-20T16:35:37","date_gmt":"2024-03-20T15:35:37","guid":{"rendered":"https:\/\/kustomshop.kinsta.cloud\/produkt\/transit-25l-backpack\/"},"modified":"2026-03-27T14:09:31","modified_gmt":"2026-03-27T13:09:31","slug":"transit-25l-backpack","status":"publish","type":"product","link":"https:\/\/shop.kustom.ch\/fr\/produit\/transit-25l-backpack\/","title":{"rendered":"Sac \u00e0 dos Transit 25L"},"content":{"rendered":"<p>Sac \u00e0 dos pratique pour tous les jours avec deux compartiments principaux (dont un avec un rembourrage suppl\u00e9mentaire pour l'ordinateur portable), une poche ext\u00e9rieure pour le t\u00e9l\u00e9phone portable avec fermeture \u00e9clair WR et des compartiments lat\u00e9raux pour la bouteille d'eau ou d'autres gadgets. 25 L.<br \/>\n- 25 litres<br \/>\n-Deux compartiments principaux avec fermeture \u00e9clair<br \/>\n-compartiment int\u00e9rieur avec rembourrage suppl\u00e9mentaire pour ordinateur portable<br \/>\n-Poche ext\u00e9rieure pratique pour ranger les chaussures<br \/>\n-Petite poche ext\u00e9rieure pour les cl\u00e9s et le t\u00e9l\u00e9phone portable avec fermeture \u00e0 glissi\u00e8re WR<br \/>\n-Poches lat\u00e9rales en mesh pour bouteilles d'eau ou autres objets<br \/>\n-Mousse \u00e0 l'arri\u00e8re pour plus de confort<br \/>\n-26 x 17 x 44 cm<\/p>\n<p>Mat\u00e9riau : Mat\u00e9riau 1 100% Polyester w PU coating, Mat\u00e9riau 2 : 100% Polyester w PU coating, Mat\u00e9riau 3 : 100% Polyester w PU coating<\/p>","protected":false},"excerpt":{"rendered":"<p>Praktischer Alltagsrucksack mit zwei Hauptf\u00e4chern (eines mit zus\u00e4tzlicher Polsterung f\u00fcr den Laptop), einer Aussentasche f\u00fcrs Handy mit WR-Reissverschluss und seitlichen F\u00e4chern f\u00fcr Wasserflasche oder andere Gadgets. 25 L. \u2022 25\u00a0Liter \u2022Zwei Hauptf\u00e4cher mit Reissverschluss \u2022Innenfach mit zus\u00e4tzlicher Polsterung f\u00fcr Notebook \u2022Praktische Aussentasche zum Verstauen der Schuhe \u2022Kleine Aussentasche f\u00fcr Schl\u00fcssel und Mobiltelefon mit WR-Reissverschluss \u2022Mesh-Seitenf\u00e4cher [&hellip;]<\/p>\n","protected":false},"featured_media":248015,"template":"","meta":[],"product_brand":[],"product_cat":[9643,4195],"product_tag":[],"class_list":{"0":"post-91540","1":"product","2":"type-product","3":"status-publish","4":"has-post-thumbnail","6":"product_cat-equipment","7":"product_cat-rucksaecke-taschen","8":"pa_brand-craft-retail-sportswear","9":"pa_brand-type-sportswear","10":"pa_filter-color-schwarz","12":"first","13":"instock","14":"sale","15":"taxable","16":"shipping-taxable","17":"purchasable","18":"product-type-variable","19":"add-to-wishlist-before_image"},"exclude_global_add_ons":[],"addons":[],"acf":[],"_links":{"self":[{"href":"https:\/\/shop.kustom.ch\/fr\/wp-json\/wp\/v2\/product\/91540"}],"collection":[{"href":"https:\/\/shop.kustom.ch\/fr\/wp-json\/wp\/v2\/product"}],"about":[{"href":"https:\/\/shop.kustom.ch\/fr\/wp-json\/wp\/v2\/types\/product"}],"wp:featuredmedia":[{"embeddable":true,"href":"https:\/\/shop.kustom.ch\/fr\/wp-json\/wp\/v2\/media\/248015"}],"wp:attachment":[{"href":"https:\/\/shop.kustom.ch\/fr\/wp-json\/wp\/v2\/media?parent=91540"}],"wp:term":[{"taxonomy":"product_brand","embeddable":true,"href":"https:\/\/shop.kustom.ch\/fr\/wp-json\/wp\/v2\/product_brand?post=91540"},{"taxonomy":"product_cat","embeddable":true,"href":"https:\/\/shop.kustom.ch\/fr\/wp-json\/wp\/v2\/product_cat?post=91540"},{"taxonomy":"product_tag","embeddable":true,"href":"https:\/\/shop.kustom.ch\/fr\/wp-json\/wp\/v2\/product_tag?post=91540"}],"curies":[{"name":"wp","href":"https:\/\/api.w.org\/{rel}","templated":true}]}}