{"id":91076,"date":"2024-03-20T16:34:00","date_gmt":"2024-03-20T15:34:00","guid":{"rendered":"https:\/\/kustomshop.kinsta.cloud\/produkt\/progress-jacket-m\/"},"modified":"2026-03-27T14:31:09","modified_gmt":"2026-03-27T13:31:09","slug":"progress-jacket-m","status":"publish","type":"product","link":"https:\/\/shop.kustom.ch\/fr\/produit\/progress-jacket-m\/","title":{"rendered":"Veste Progress M"},"content":{"rendered":"<p>Veste d'entra\u00eenement et d'\u00e9chauffement douce et confortable en mati\u00e8re fonctionnelle pour une \u00e9vacuation optimale de l'humidit\u00e9. Fonctionne parfaitement comme veste d'\u00e9quipe pour un look uniforme. Des inserts en mesh plac\u00e9s de mani\u00e8re strat\u00e9gique assurent une meilleure ventilation. Poches lat\u00e9rales zipp\u00e9es.<\/p>\n<p>Mat\u00e9riau : 100 % polyester<\/p>","protected":false},"excerpt":{"rendered":"<p>Weiche und bequeme Trainings- und Aufw\u00e4rmjacke aus Funktionsmaterial f\u00fcr optimalen Feuchtigkeitstransport. Funktioniert perfekt als Teamjacke f\u00fcr ein einheitliches Aussehen. Strategisch platzierte Mesh-Eins\u00e4tze sorgen f\u00fcr eine verbesserte Bel\u00fcftung. Seitentaschen mit Reissverschluss. Material: 100 % Polyester<\/p>","protected":false},"featured_media":247944,"template":"","meta":[],"product_brand":[],"product_cat":[4191],"product_tag":[],"class_list":{"0":"post-91076","1":"product","2":"type-product","3":"status-publish","4":"has-post-thumbnail","6":"product_cat-longsleeves-sweatshirts","7":"pa_brand-craft-teamwear","8":"pa_brand-type-sportswear","9":"pa_filter-color-blau","10":"pa_filter-color-gelb","11":"pa_filter-color-gruen","12":"pa_filter-color-rot","13":"pa_filter-color-schwarz","14":"pa_filter-color-weiss","16":"first","17":"instock","18":"sale","19":"taxable","20":"shipping-taxable","21":"purchasable","22":"product-type-variable","23":"add-to-wishlist-before_image"},"exclude_global_add_ons":[],"addons":[],"acf":[],"_links":{"self":[{"href":"https:\/\/shop.kustom.ch\/fr\/wp-json\/wp\/v2\/product\/91076"}],"collection":[{"href":"https:\/\/shop.kustom.ch\/fr\/wp-json\/wp\/v2\/product"}],"about":[{"href":"https:\/\/shop.kustom.ch\/fr\/wp-json\/wp\/v2\/types\/product"}],"wp:featuredmedia":[{"embeddable":true,"href":"https:\/\/shop.kustom.ch\/fr\/wp-json\/wp\/v2\/media\/247944"}],"wp:attachment":[{"href":"https:\/\/shop.kustom.ch\/fr\/wp-json\/wp\/v2\/media?parent=91076"}],"wp:term":[{"taxonomy":"product_brand","embeddable":true,"href":"https:\/\/shop.kustom.ch\/fr\/wp-json\/wp\/v2\/product_brand?post=91076"},{"taxonomy":"product_cat","embeddable":true,"href":"https:\/\/shop.kustom.ch\/fr\/wp-json\/wp\/v2\/product_cat?post=91076"},{"taxonomy":"product_tag","embeddable":true,"href":"https:\/\/shop.kustom.ch\/fr\/wp-json\/wp\/v2\/product_tag?post=91076"}],"curies":[{"name":"wp","href":"https:\/\/api.w.org\/{rel}","templated":true}]}}