{"id":90986,"date":"2024-03-20T16:33:41","date_gmt":"2024-03-20T15:33:41","guid":{"rendered":"https:\/\/kustomshop.kinsta.cloud\/produkt\/progress-practise-shorts-m\/"},"modified":"2026-03-27T15:40:12","modified_gmt":"2026-03-27T14:40:12","slug":"progress-practise-shorts-m","status":"publish","type":"product","link":"https:\/\/shop.kustom.ch\/fr\/produit\/progress-practise-shorts-m\/","title":{"rendered":"Short Progress Practise M"},"content":{"rendered":"<p>Short d'entra\u00eenement en mati\u00e8re \u00e9lastique et fonctionnelle. Il offre un transport optimal de l'humidit\u00e9 pour une performance maximale. Avec deux poches, un cordon de serrage \u00e0 la taille et des bandes contrast\u00e9es sur les c\u00f4t\u00e9s. L'insert en mesh \u00e0 l'entrejambe offre une meilleure a\u00e9ration, tandis que l'\u00e9lasticit\u00e9 exceptionnelle et le design ergonomique assurent un ajustement confortable et une libert\u00e9 de mouvement optimale.<\/p>\n<p>Mat\u00e9riau : 100 % polyester<\/p>","protected":false},"excerpt":{"rendered":"<p>Trainingsshorts aus elastischem und funktionellem Material. Sie bietet einen optimalen Feuchtigkeitstransport f\u00fcr maximale Leistung. Mit zwei Taschen, Kordelzug an der Taille und Kontraststreifen an den Seiten. Mesh-Einsatz im Schritt bietet eine verbesserte Bel\u00fcftung, w\u00e4hrend die herausragende Elastizit\u00e4t und das ergonomisches Design f\u00fcr einen komfortable Passform und optimale Bewegungsfreiheit sorgen. Material: 100 % Polyester<\/p>","protected":false},"featured_media":247933,"template":"","meta":[],"product_brand":[],"product_cat":[4198],"product_tag":[],"class_list":{"0":"post-90986","1":"product","2":"type-product","3":"status-publish","4":"has-post-thumbnail","6":"product_cat-shorts","7":"pa_brand-craft-teamwear","8":"pa_brand-type-sportswear","9":"pa_filter-color-blau","10":"pa_filter-color-schwarz","11":"pa_filter-color-weiss","13":"first","14":"instock","15":"sale","16":"taxable","17":"shipping-taxable","18":"purchasable","19":"product-type-variable","20":"add-to-wishlist-before_image"},"exclude_global_add_ons":[],"addons":[],"acf":[],"_links":{"self":[{"href":"https:\/\/shop.kustom.ch\/fr\/wp-json\/wp\/v2\/product\/90986"}],"collection":[{"href":"https:\/\/shop.kustom.ch\/fr\/wp-json\/wp\/v2\/product"}],"about":[{"href":"https:\/\/shop.kustom.ch\/fr\/wp-json\/wp\/v2\/types\/product"}],"wp:featuredmedia":[{"embeddable":true,"href":"https:\/\/shop.kustom.ch\/fr\/wp-json\/wp\/v2\/media\/247933"}],"wp:attachment":[{"href":"https:\/\/shop.kustom.ch\/fr\/wp-json\/wp\/v2\/media?parent=90986"}],"wp:term":[{"taxonomy":"product_brand","embeddable":true,"href":"https:\/\/shop.kustom.ch\/fr\/wp-json\/wp\/v2\/product_brand?post=90986"},{"taxonomy":"product_cat","embeddable":true,"href":"https:\/\/shop.kustom.ch\/fr\/wp-json\/wp\/v2\/product_cat?post=90986"},{"taxonomy":"product_tag","embeddable":true,"href":"https:\/\/shop.kustom.ch\/fr\/wp-json\/wp\/v2\/product_tag?post=90986"}],"curies":[{"name":"wp","href":"https:\/\/api.w.org\/{rel}","templated":true}]}}