{"id":90895,"date":"2024-03-20T16:33:14","date_gmt":"2024-03-20T15:33:14","guid":{"rendered":"https:\/\/kustomshop.kinsta.cloud\/produkt\/squad-duffel-large\/"},"modified":"2026-03-27T14:11:08","modified_gmt":"2026-03-27T13:11:08","slug":"squad-duffel-large","status":"publish","type":"product","link":"https:\/\/shop.kustom.ch\/fr\/produit\/squad-duffel-large\/","title":{"rendered":"Squad Duffel Large"},"content":{"rendered":"<p>Le sac Squad Duffel Large de Craft offre encore plus de place. Tu peux y ranger tes chaussures de football et ta tenue. De plus, tu as le choix entre 5 couleurs super modernes ou le noir classique. Le mat\u00e9riau du sac est robuste et r\u00e9sistant \u00e0 la d\u00e9chirure. Dimensions : 50x28x33 cm. Volume : 38 litres.<\/p>\n<p>Mat\u00e9riau : polyester et polyur\u00e9thane renforc\u00e9<\/p>","protected":false},"excerpt":{"rendered":"<p>Noch mehr Platz bietet die Squad Duffel Large Tasche von Craft. Hier bringst du deine Fussballschuhe samt Outfit unter. Zudem hast du die Auswahl zwischen 5 super modernen Farben oder auch dem klassischen Schwarz. Das Material der Tasche ist robust und reissfest. Masse: 50x28x33 cm. Volumen: 38 Liter. Material: Polyester und verst\u00e4rktes Polyurethan<\/p>","protected":false},"featured_media":247905,"template":"","meta":[],"product_brand":[],"product_cat":[9643,4195],"product_tag":[],"class_list":{"0":"post-90895","1":"product","2":"type-product","3":"status-publish","4":"has-post-thumbnail","6":"product_cat-equipment","7":"product_cat-rucksaecke-taschen","8":"pa_brand-craft-teamwear","9":"pa_brand-type-sportswear","10":"pa_filter-color-blau","11":"pa_filter-color-grau","12":"pa_filter-color-gruen","13":"pa_filter-color-rot","14":"pa_filter-color-schwarz","16":"first","17":"instock","18":"sale","19":"taxable","20":"shipping-taxable","21":"purchasable","22":"product-type-variable","23":"add-to-wishlist-before_image"},"exclude_global_add_ons":[],"addons":[],"acf":[],"_links":{"self":[{"href":"https:\/\/shop.kustom.ch\/fr\/wp-json\/wp\/v2\/product\/90895"}],"collection":[{"href":"https:\/\/shop.kustom.ch\/fr\/wp-json\/wp\/v2\/product"}],"about":[{"href":"https:\/\/shop.kustom.ch\/fr\/wp-json\/wp\/v2\/types\/product"}],"wp:featuredmedia":[{"embeddable":true,"href":"https:\/\/shop.kustom.ch\/fr\/wp-json\/wp\/v2\/media\/247905"}],"wp:attachment":[{"href":"https:\/\/shop.kustom.ch\/fr\/wp-json\/wp\/v2\/media?parent=90895"}],"wp:term":[{"taxonomy":"product_brand","embeddable":true,"href":"https:\/\/shop.kustom.ch\/fr\/wp-json\/wp\/v2\/product_brand?post=90895"},{"taxonomy":"product_cat","embeddable":true,"href":"https:\/\/shop.kustom.ch\/fr\/wp-json\/wp\/v2\/product_cat?post=90895"},{"taxonomy":"product_tag","embeddable":true,"href":"https:\/\/shop.kustom.ch\/fr\/wp-json\/wp\/v2\/product_tag?post=90895"}],"curies":[{"name":"wp","href":"https:\/\/api.w.org\/{rel}","templated":true}]}}