{"id":90884,"date":"2024-03-20T16:33:09","date_gmt":"2024-03-20T15:33:09","guid":{"rendered":"https:\/\/kustomshop.kinsta.cloud\/produkt\/squad-duffel\/"},"modified":"2026-03-27T14:07:57","modified_gmt":"2026-03-27T13:07:57","slug":"squad-duffel","status":"publish","type":"product","link":"https:\/\/shop.kustom.ch\/fr\/produit\/squad-duffel\/","title":{"rendered":"Squad Duffel"},"content":{"rendered":"<p>Tout est parfaitement emball\u00e9 dans le sac Squad Medium de Craft. Les couleurs se retrouvent \u00e9galement sur les maillots et les pantalons, ce qui donne une image uniforme de l'\u00e9quipe. Le sac est en nylon ind\u00e9chirable. Dimensions : 45x27x30 cm. Volume : 33 litres.<\/p>\n<p>Mat\u00e9riau : polyester et polyur\u00e9thane renforc\u00e9<\/p>","protected":false},"excerpt":{"rendered":"<p>Alles bestens gepackt in der Squad Medium Tasche von Craft. Die Farben finden sich auch in den Trikots und Hosen wieder, sodass ein einheitliches Mannschaftsbild gegeben ist. Die Tasche besteht aus reissfestem Nylon. Masse: 45x27x30 cm. Volumen: 33 Liter. Material: Polyester und verst\u00e4rktes Polyurethan<\/p>","protected":false},"featured_media":247900,"template":"","meta":[],"product_brand":[],"product_cat":[9643,4195],"product_tag":[],"class_list":{"0":"post-90884","1":"product","2":"type-product","3":"status-publish","4":"has-post-thumbnail","6":"product_cat-equipment","7":"product_cat-rucksaecke-taschen","8":"pa_brand-craft-teamwear","9":"pa_brand-type-sportswear","10":"pa_filter-color-blau","11":"pa_filter-color-grau","12":"pa_filter-color-gruen","13":"pa_filter-color-rot","14":"pa_filter-color-schwarz","16":"first","17":"instock","18":"sale","19":"taxable","20":"shipping-taxable","21":"purchasable","22":"product-type-variable","23":"add-to-wishlist-before_image"},"exclude_global_add_ons":[],"addons":[],"acf":[],"_links":{"self":[{"href":"https:\/\/shop.kustom.ch\/fr\/wp-json\/wp\/v2\/product\/90884"}],"collection":[{"href":"https:\/\/shop.kustom.ch\/fr\/wp-json\/wp\/v2\/product"}],"about":[{"href":"https:\/\/shop.kustom.ch\/fr\/wp-json\/wp\/v2\/types\/product"}],"wp:featuredmedia":[{"embeddable":true,"href":"https:\/\/shop.kustom.ch\/fr\/wp-json\/wp\/v2\/media\/247900"}],"wp:attachment":[{"href":"https:\/\/shop.kustom.ch\/fr\/wp-json\/wp\/v2\/media?parent=90884"}],"wp:term":[{"taxonomy":"product_brand","embeddable":true,"href":"https:\/\/shop.kustom.ch\/fr\/wp-json\/wp\/v2\/product_brand?post=90884"},{"taxonomy":"product_cat","embeddable":true,"href":"https:\/\/shop.kustom.ch\/fr\/wp-json\/wp\/v2\/product_cat?post=90884"},{"taxonomy":"product_tag","embeddable":true,"href":"https:\/\/shop.kustom.ch\/fr\/wp-json\/wp\/v2\/product_tag?post=90884"}],"curies":[{"name":"wp","href":"https:\/\/api.w.org\/{rel}","templated":true}]}}