{"id":90868,"date":"2024-03-20T16:33:05","date_gmt":"2024-03-20T15:33:05","guid":{"rendered":"https:\/\/kustomshop.kinsta.cloud\/produkt\/squad-gk-ls-jersey-jr\/"},"modified":"2026-03-27T15:25:40","modified_gmt":"2026-03-27T14:25:40","slug":"squad-gk-ls-jersey-jr","status":"publish","type":"product","link":"https:\/\/shop.kustom.ch\/fr\/produit\/squad-gk-ls-jersey-jr\/","title":{"rendered":"Squad GK LS Jersey Jr"},"content":{"rendered":"<p>Tu soutiens ton \u00e9quipe et tu gardes ta cage inviol\u00e9e ! Le mieux est alors de porter le maillot \u00e0 manches longues Squad. Il procure une sensation agr\u00e9able au corps, car il \u00e9vacue rapidement la transpiration et ne laisse pas de sensation d'humidit\u00e9. Des coudi\u00e8res int\u00e9gr\u00e9es offrent une protection suppl\u00e9mentaire pour que tu puisses te lancer \u00e0 corps perdu dans tes parades.<\/p>\n<p>Mat\u00e9riau : 100 % polyester<\/p>","protected":false},"excerpt":{"rendered":"<p>Du unterst\u00fctzt deine Mannschaft und h\u00e4ltst deinen Kasten sauber! Dann am besten in Verbindung mit dem Squad Langarmtrikot. Es verleiht ein angenehmes K\u00f6rpergef\u00fchl, da es Schweiss schnell abtransportiert und kein N\u00e4ssegef\u00fchl zur\u00fcckl\u00e4sst. Zus\u00e4tzlichen Schutz bieten eingearbeitete Ellbogenpolster, damit du dich voller Elan in deine Paraden st\u00fcrzen kannst. Material: 100 % Polyester<\/p>","protected":false},"featured_media":247897,"template":"","meta":[],"product_brand":[],"product_cat":[4191],"product_tag":[],"class_list":{"0":"post-90868","1":"product","2":"type-product","3":"status-publish","4":"has-post-thumbnail","6":"product_cat-longsleeves-sweatshirts","7":"pa_brand-craft-teamwear","8":"pa_brand-type-sportswear","9":"pa_filter-color-gelb","10":"pa_filter-color-gruen","11":"pa_filter-color-pink","13":"first","14":"instock","15":"sale","16":"taxable","17":"shipping-taxable","18":"purchasable","19":"product-type-variable","20":"add-to-wishlist-before_image"},"exclude_global_add_ons":[],"addons":[],"acf":[],"_links":{"self":[{"href":"https:\/\/shop.kustom.ch\/fr\/wp-json\/wp\/v2\/product\/90868"}],"collection":[{"href":"https:\/\/shop.kustom.ch\/fr\/wp-json\/wp\/v2\/product"}],"about":[{"href":"https:\/\/shop.kustom.ch\/fr\/wp-json\/wp\/v2\/types\/product"}],"wp:featuredmedia":[{"embeddable":true,"href":"https:\/\/shop.kustom.ch\/fr\/wp-json\/wp\/v2\/media\/247897"}],"wp:attachment":[{"href":"https:\/\/shop.kustom.ch\/fr\/wp-json\/wp\/v2\/media?parent=90868"}],"wp:term":[{"taxonomy":"product_brand","embeddable":true,"href":"https:\/\/shop.kustom.ch\/fr\/wp-json\/wp\/v2\/product_brand?post=90868"},{"taxonomy":"product_cat","embeddable":true,"href":"https:\/\/shop.kustom.ch\/fr\/wp-json\/wp\/v2\/product_cat?post=90868"},{"taxonomy":"product_tag","embeddable":true,"href":"https:\/\/shop.kustom.ch\/fr\/wp-json\/wp\/v2\/product_tag?post=90868"}],"curies":[{"name":"wp","href":"https:\/\/api.w.org\/{rel}","templated":true}]}}