{"id":90709,"date":"2024-03-20T16:32:31","date_gmt":"2024-03-20T15:32:31","guid":{"rendered":"https:\/\/kustomshop.kinsta.cloud\/produkt\/squad-short-solid-jr\/"},"modified":"2026-04-20T12:16:02","modified_gmt":"2026-04-20T11:16:02","slug":"squad-short-solid-jr","status":"publish","type":"product","link":"https:\/\/shop.kustom.ch\/fr\/produit\/squad-short-solid-jr\/","title":{"rendered":"Squad Short Solid Jr"},"content":{"rendered":"<p>Avec le pantalon Squad Short Solid de Craft, chaque occasion de but peut \u00eatre transform\u00e9e. Le mat\u00e9riau extr\u00eamement \u00e9lastique, qui \u00e9vacue rapidement la transpiration de la peau, est adapt\u00e9 \u00e0 chaque action.<\/p>\n<p>Mat\u00e9riau : 100 % polyester<\/p>","protected":false},"excerpt":{"rendered":"<p>Mit der Squad Short Solid Hose von Craft l\u00e4sst sich jede Torchance verwandeln. Das ausgesprochen elastische Material, das den Schweiss schnell von der Haut ableitet, macht jeden Spielzug mit. Material: 100 % Polyester<\/p>","protected":false},"featured_media":247868,"template":"","meta":[],"product_brand":[],"product_cat":[4198],"product_tag":[],"class_list":{"0":"post-90709","1":"product","2":"type-product","3":"status-publish","4":"has-post-thumbnail","6":"product_cat-shorts","7":"pa_brand-craft-teamwear","8":"pa_brand-type-sportswear","9":"pa_filter-color-blau","10":"pa_filter-color-gelb","11":"pa_filter-color-gruen","12":"pa_filter-color-pink","13":"pa_filter-color-rot","14":"pa_filter-color-schwarz","15":"pa_filter-color-weiss","17":"first","18":"instock","19":"sale","20":"taxable","21":"shipping-taxable","22":"purchasable","23":"product-type-variable","24":"add-to-wishlist-before_image"},"exclude_global_add_ons":[],"addons":[],"acf":[],"_links":{"self":[{"href":"https:\/\/shop.kustom.ch\/fr\/wp-json\/wp\/v2\/product\/90709"}],"collection":[{"href":"https:\/\/shop.kustom.ch\/fr\/wp-json\/wp\/v2\/product"}],"about":[{"href":"https:\/\/shop.kustom.ch\/fr\/wp-json\/wp\/v2\/types\/product"}],"wp:featuredmedia":[{"embeddable":true,"href":"https:\/\/shop.kustom.ch\/fr\/wp-json\/wp\/v2\/media\/247868"}],"wp:attachment":[{"href":"https:\/\/shop.kustom.ch\/fr\/wp-json\/wp\/v2\/media?parent=90709"}],"wp:term":[{"taxonomy":"product_brand","embeddable":true,"href":"https:\/\/shop.kustom.ch\/fr\/wp-json\/wp\/v2\/product_brand?post=90709"},{"taxonomy":"product_cat","embeddable":true,"href":"https:\/\/shop.kustom.ch\/fr\/wp-json\/wp\/v2\/product_cat?post=90709"},{"taxonomy":"product_tag","embeddable":true,"href":"https:\/\/shop.kustom.ch\/fr\/wp-json\/wp\/v2\/product_tag?post=90709"}],"curies":[{"name":"wp","href":"https:\/\/api.w.org\/{rel}","templated":true}]}}