{"id":90507,"date":"2024-03-20T16:31:54","date_gmt":"2024-03-20T15:31:54","guid":{"rendered":"https:\/\/kustomshop.kinsta.cloud\/produkt\/progress-jersey-contrast-jr\/"},"modified":"2026-03-27T15:10:04","modified_gmt":"2026-03-27T14:10:04","slug":"progress-jersey-contrast-jr","status":"publish","type":"product","link":"https:\/\/shop.kustom.ch\/fr\/produit\/progress-jersey-contrast-jr\/","title":{"rendered":"Progress Jersey Contrast Jr"},"content":{"rendered":"<p>Botter, jouer au ballon et s'amuser, tout simplement. Le Progress Jersey Contrast s'y pr\u00eate particuli\u00e8rement bien. Le tissu de premi\u00e8re qualit\u00e9 et respirant ne laisse aucune chance \u00e0 la transpiration d\u00e9sagr\u00e9able sur la peau. L'humidit\u00e9 est en effet rapidement \u00e9vacu\u00e9e. De plus, le maillot se distingue par sa bande contrast\u00e9e sur les c\u00f4t\u00e9s.<\/p>\n<p>Mat\u00e9riau : 100 % polyester<\/p>","protected":false},"excerpt":{"rendered":"<p>Kicken, bolzen und einfach Spass haben. Daf\u00fcr eignet sich das Progress Jersey Contrast besonders gut. Das erstklassige und atmungsaktive Gewebe l\u00e4sst unangenehmen Schweiss auf der Haut keine Chance. Denn die Feuchtigkeit wird schnell abtransportiert. Zudem macht das Trikot durch sein Kontraststreifen an den Seiten auf sich aufmerksam. Material: 100 % Polyester<\/p>","protected":false},"featured_media":247829,"template":"","meta":[],"product_brand":[],"product_cat":[4201],"product_tag":[],"class_list":{"0":"post-90507","1":"product","2":"type-product","3":"status-publish","4":"has-post-thumbnail","6":"product_cat-t-shirts","7":"pa_brand-craft-teamwear","8":"pa_brand-type-sportswear","9":"pa_filter-color-blau","10":"pa_filter-color-gelb","11":"pa_filter-color-gruen","12":"pa_filter-color-rot","13":"pa_filter-color-schwarz","14":"pa_filter-color-weiss","16":"first","17":"instock","18":"sale","19":"taxable","20":"shipping-taxable","21":"purchasable","22":"product-type-variable","23":"add-to-wishlist-before_image"},"exclude_global_add_ons":[],"addons":[],"acf":[],"_links":{"self":[{"href":"https:\/\/shop.kustom.ch\/fr\/wp-json\/wp\/v2\/product\/90507"}],"collection":[{"href":"https:\/\/shop.kustom.ch\/fr\/wp-json\/wp\/v2\/product"}],"about":[{"href":"https:\/\/shop.kustom.ch\/fr\/wp-json\/wp\/v2\/types\/product"}],"wp:featuredmedia":[{"embeddable":true,"href":"https:\/\/shop.kustom.ch\/fr\/wp-json\/wp\/v2\/media\/247829"}],"wp:attachment":[{"href":"https:\/\/shop.kustom.ch\/fr\/wp-json\/wp\/v2\/media?parent=90507"}],"wp:term":[{"taxonomy":"product_brand","embeddable":true,"href":"https:\/\/shop.kustom.ch\/fr\/wp-json\/wp\/v2\/product_brand?post=90507"},{"taxonomy":"product_cat","embeddable":true,"href":"https:\/\/shop.kustom.ch\/fr\/wp-json\/wp\/v2\/product_cat?post=90507"},{"taxonomy":"product_tag","embeddable":true,"href":"https:\/\/shop.kustom.ch\/fr\/wp-json\/wp\/v2\/product_tag?post=90507"}],"curies":[{"name":"wp","href":"https:\/\/api.w.org\/{rel}","templated":true}]}}