{"id":90293,"date":"2024-03-20T16:31:18","date_gmt":"2024-03-20T15:31:18","guid":{"rendered":"https:\/\/kustomshop.kinsta.cloud\/produkt\/squad-sock-contrast\/"},"modified":"2026-03-27T13:35:03","modified_gmt":"2026-03-27T12:35:03","slug":"squad-sock-contrast","status":"publish","type":"product","link":"https:\/\/shop.kustom.ch\/fr\/produit\/squad-sock-contrast\/","title":{"rendered":"Chaussette Squad Contrast"},"content":{"rendered":"<p>Pour des performances maximales \u00e0 l'entra\u00eenement et en match. Les chaussettes de CRAFT marquent des points gr\u00e2ce \u00e0 leur design exceptionnel et original. De plus, le m\u00e9lange de mat\u00e9riaux garantit un confort optimal pour une sensation corporelle agr\u00e9able, m\u00eame en cas d'effort. Les prot\u00e8ge-tibias sont solidement positionn\u00e9s dans les chaussettes gr\u00e2ce \u00e0 des parties pr\u00e9form\u00e9es.<\/p>\n<p>Mati\u00e8re : 99% polyester, 1% \u00e9lasthanne<\/p>","protected":false},"excerpt":{"rendered":"<p>F\u00fcr H\u00f6chstleistungen im Training und im Spiel. Der Stutzenstrumpf von CRAFT punktet mit einem aussergew\u00f6hnlichen und auff\u00e4lligem Design. Dazu garantiert der Materialmix besten Tragekomfort f\u00fcr ein angenehmes K\u00f6rpergef\u00fchl auch bei Anstrengung. Die Schienbeinschoner werden mithilfe vorgeformter Partien im Strumpf fest positioniert. Material: 99% Polyester, 1% Elastane<\/p>","protected":false},"featured_media":247799,"template":"","meta":[],"product_brand":[],"product_cat":[4199],"product_tag":[],"class_list":{"0":"post-90293","1":"product","2":"type-product","3":"status-publish","4":"has-post-thumbnail","6":"product_cat-socken","7":"pa_brand-craft-teamwear","8":"pa_brand-type-sportswear","9":"pa_filter-color-blau","10":"pa_filter-color-gelb","11":"pa_filter-color-gruen","12":"pa_filter-color-pink","13":"pa_filter-color-rot","14":"pa_filter-color-schwarz","15":"pa_filter-color-weiss","17":"first","18":"instock","19":"sale","20":"taxable","21":"shipping-taxable","22":"purchasable","23":"product-type-variable","24":"add-to-wishlist-before_image"},"exclude_global_add_ons":[],"addons":[],"acf":[],"_links":{"self":[{"href":"https:\/\/shop.kustom.ch\/fr\/wp-json\/wp\/v2\/product\/90293"}],"collection":[{"href":"https:\/\/shop.kustom.ch\/fr\/wp-json\/wp\/v2\/product"}],"about":[{"href":"https:\/\/shop.kustom.ch\/fr\/wp-json\/wp\/v2\/types\/product"}],"wp:featuredmedia":[{"embeddable":true,"href":"https:\/\/shop.kustom.ch\/fr\/wp-json\/wp\/v2\/media\/247799"}],"wp:attachment":[{"href":"https:\/\/shop.kustom.ch\/fr\/wp-json\/wp\/v2\/media?parent=90293"}],"wp:term":[{"taxonomy":"product_brand","embeddable":true,"href":"https:\/\/shop.kustom.ch\/fr\/wp-json\/wp\/v2\/product_brand?post=90293"},{"taxonomy":"product_cat","embeddable":true,"href":"https:\/\/shop.kustom.ch\/fr\/wp-json\/wp\/v2\/product_cat?post=90293"},{"taxonomy":"product_tag","embeddable":true,"href":"https:\/\/shop.kustom.ch\/fr\/wp-json\/wp\/v2\/product_tag?post=90293"}],"curies":[{"name":"wp","href":"https:\/\/api.w.org\/{rel}","templated":true}]}}