{"id":90064,"date":"2024-03-20T16:30:42","date_gmt":"2024-03-20T15:30:42","guid":{"rendered":"https:\/\/kustomshop.kinsta.cloud\/produkt\/progress-short-contrast-w\/"},"modified":"2026-03-27T14:37:28","modified_gmt":"2026-03-27T13:37:28","slug":"progress-short-contrast-w","status":"publish","type":"product","link":"https:\/\/shop.kustom.ch\/fr\/produit\/progress-short-contrast-w\/","title":{"rendered":"Progress Short Contrast W"},"content":{"rendered":"<p>Une fonction parfaite et une apparence remarquable. C'est ce que promet le short Progress Contrast de Craft. Le tissu \u00e0 la fois l\u00e9ger et \u00e0 s\u00e9chage rapide garantit des performances maximales. Les inserts en filet \u00e0 l'entrejambe assurent une ventilation suppl\u00e9mentaire lors des s\u00e9ances de transpiration du pied. Le pantalon int\u00e9rieur int\u00e9gr\u00e9 et le cordon de serrage \u00e0 la taille garantissent un maintien ferme.<\/p>\n<p>Mat\u00e9riau : 100 % polyester<\/p>","protected":false},"excerpt":{"rendered":"<p>Perfekte Funktion und ausgesprochen gutes Aussehen. Das verspricht die Progress Contrast Short von Craft. F\u00fcr maximale Leistung steht das leichte und gleichzeitig schnelltrocknende Gewebe. Netzeins\u00e4tze im Schritt sorgen f\u00fcr zus\u00e4tzliche Ventilation bei schweisstreibenden Fussballeinheiten. Die integrierte Innenhose und der Kordelzug im Bund garantieren einen festen Halt. Material: 100 % Polyester<\/p>","protected":false},"featured_media":247769,"template":"","meta":[],"product_brand":[],"product_cat":[4198],"product_tag":[],"class_list":{"0":"post-90064","1":"product","2":"type-product","3":"status-publish","4":"has-post-thumbnail","6":"product_cat-shorts","7":"pa_brand-craft-teamwear","8":"pa_brand-type-sportswear","9":"pa_filter-color-blau","10":"pa_filter-color-gelb","11":"pa_filter-color-gruen","12":"pa_filter-color-rot","13":"pa_filter-color-schwarz","14":"pa_filter-color-weiss","16":"first","17":"instock","18":"sale","19":"taxable","20":"shipping-taxable","21":"purchasable","22":"product-type-variable","23":"add-to-wishlist-before_image"},"exclude_global_add_ons":[],"addons":[],"acf":[],"_links":{"self":[{"href":"https:\/\/shop.kustom.ch\/fr\/wp-json\/wp\/v2\/product\/90064"}],"collection":[{"href":"https:\/\/shop.kustom.ch\/fr\/wp-json\/wp\/v2\/product"}],"about":[{"href":"https:\/\/shop.kustom.ch\/fr\/wp-json\/wp\/v2\/types\/product"}],"wp:featuredmedia":[{"embeddable":true,"href":"https:\/\/shop.kustom.ch\/fr\/wp-json\/wp\/v2\/media\/247769"}],"wp:attachment":[{"href":"https:\/\/shop.kustom.ch\/fr\/wp-json\/wp\/v2\/media?parent=90064"}],"wp:term":[{"taxonomy":"product_brand","embeddable":true,"href":"https:\/\/shop.kustom.ch\/fr\/wp-json\/wp\/v2\/product_brand?post=90064"},{"taxonomy":"product_cat","embeddable":true,"href":"https:\/\/shop.kustom.ch\/fr\/wp-json\/wp\/v2\/product_cat?post=90064"},{"taxonomy":"product_tag","embeddable":true,"href":"https:\/\/shop.kustom.ch\/fr\/wp-json\/wp\/v2\/product_tag?post=90064"}],"curies":[{"name":"wp","href":"https:\/\/api.w.org\/{rel}","templated":true}]}}