{"id":89738,"date":"2024-03-20T16:29:48","date_gmt":"2024-03-20T15:29:48","guid":{"rendered":"https:\/\/kustomshop.kinsta.cloud\/produkt\/progress-jersey-graphic-w\/"},"modified":"2026-03-27T14:59:30","modified_gmt":"2026-03-27T13:59:30","slug":"progress-jersey-graphic-w","status":"publish","type":"product","link":"https:\/\/shop.kustom.ch\/fr\/produit\/progress-jersey-graphic-w\/","title":{"rendered":"Progress Jersey Graphic W"},"content":{"rendered":"<p>Jouer au plus haut niveau avec le Progress Graphic Jersey de Craft. Le tissu l\u00e9ger offre un confort agr\u00e9able, s\u00e8che rapidement et est en outre respirant en cas d'effort physique. Il garantit ainsi une \u00e9vacuation efficace de l'humidit\u00e9, ce qui laisse une excellente sensation corporelle.<\/p>\n<p>Mat\u00e9riau : 100 % polyester<\/p>","protected":false},"excerpt":{"rendered":"<p>Spielen auf h\u00f6chstem Niveau mit dem Progress Graphic Jersey von Craft. Das leichte Gewebe bietet einen angenehmen Tragekomfort, ist schnelltrocknend und bei k\u00f6rperlicher Anstrengung zudem noch atmungsaktiv. Dadurch wird ein effizienter Feuchtigkeitsabtransport garantiert, der ein hervorragendes K\u00f6rpergef\u00fchl hinterl\u00e4sst. Material: 100 % Polyester<\/p>","protected":false},"featured_media":247727,"template":"","meta":[],"product_brand":[],"product_cat":[4201],"product_tag":[],"class_list":{"0":"post-89738","1":"product","2":"type-product","3":"status-publish","4":"has-post-thumbnail","6":"product_cat-t-shirts","7":"pa_brand-craft-teamwear","8":"pa_brand-type-sportswear","9":"pa_filter-color-blau","10":"pa_filter-color-gelb","11":"pa_filter-color-gruen","12":"pa_filter-color-orange","13":"pa_filter-color-pink","14":"pa_filter-color-rot","15":"pa_filter-color-schwarz","16":"pa_filter-color-weiss","18":"first","19":"instock","20":"sale","21":"taxable","22":"shipping-taxable","23":"purchasable","24":"product-type-variable","25":"add-to-wishlist-before_image"},"exclude_global_add_ons":[],"addons":[],"acf":[],"_links":{"self":[{"href":"https:\/\/shop.kustom.ch\/fr\/wp-json\/wp\/v2\/product\/89738"}],"collection":[{"href":"https:\/\/shop.kustom.ch\/fr\/wp-json\/wp\/v2\/product"}],"about":[{"href":"https:\/\/shop.kustom.ch\/fr\/wp-json\/wp\/v2\/types\/product"}],"wp:featuredmedia":[{"embeddable":true,"href":"https:\/\/shop.kustom.ch\/fr\/wp-json\/wp\/v2\/media\/247727"}],"wp:attachment":[{"href":"https:\/\/shop.kustom.ch\/fr\/wp-json\/wp\/v2\/media?parent=89738"}],"wp:term":[{"taxonomy":"product_brand","embeddable":true,"href":"https:\/\/shop.kustom.ch\/fr\/wp-json\/wp\/v2\/product_brand?post=89738"},{"taxonomy":"product_cat","embeddable":true,"href":"https:\/\/shop.kustom.ch\/fr\/wp-json\/wp\/v2\/product_cat?post=89738"},{"taxonomy":"product_tag","embeddable":true,"href":"https:\/\/shop.kustom.ch\/fr\/wp-json\/wp\/v2\/product_tag?post=89738"}],"curies":[{"name":"wp","href":"https:\/\/api.w.org\/{rel}","templated":true}]}}