{"id":89660,"date":"2024-03-20T16:29:35","date_gmt":"2024-03-20T15:29:35","guid":{"rendered":"https:\/\/kustomshop.kinsta.cloud\/produkt\/progress-jersey-stripe-w\/"},"modified":"2026-03-27T15:05:56","modified_gmt":"2026-03-27T14:05:56","slug":"progress-jersey-stripe-w","status":"publish","type":"product","link":"https:\/\/shop.kustom.ch\/fr\/produit\/progress-jersey-stripe-w\/","title":{"rendered":"Progress Jersey Stripe W"},"content":{"rendered":"<p>Le Progress Jersey Stripe est un v\u00e9ritable atout visuel ! Il marque des points gr\u00e2ce \u00e0 l'association d'un design \u00e0 rayures traditionnel et d'un mat\u00e9riau hautement fonctionnel. Le tissu s\u00e8che tr\u00e8s rapidement, ce qui \u00e9vite toute sensation de froid. Les empi\u00e8cements en filet int\u00e9gr\u00e9s a\u00e8rent encore le corps. Bien jou\u00e9 tactiquement !<\/p>\n<p>Mat\u00e9riau : 100 % polyester<\/p>","protected":false},"excerpt":{"rendered":"<p>Das Progress Jersey Stripe ist ein optisches Highlight! Es punktet mit der Verbindung zwischen traditionellem Streifendesign und hochfunktionellem Material. Das Gewebe trocknet sehr schnell, wodurch kein K\u00e4ltegef\u00fchl entstehen kann. Eingearbeitete Netzeins\u00e4tze bel\u00fcften den K\u00f6rper zus\u00e4tzlich. Taktisch gut gespielt! Material: 100 % Polyester<\/p>","protected":false},"featured_media":247716,"template":"","meta":[],"product_brand":[],"product_cat":[4201],"product_tag":[],"class_list":{"0":"post-89660","1":"product","2":"type-product","3":"status-publish","4":"has-post-thumbnail","6":"product_cat-t-shirts","7":"pa_brand-craft-teamwear","8":"pa_brand-type-sportswear","9":"pa_filter-color-blau","10":"pa_filter-color-gelb","11":"pa_filter-color-gruen","12":"pa_filter-color-rot","13":"pa_filter-color-schwarz","14":"pa_filter-color-weiss","16":"first","17":"instock","18":"sale","19":"taxable","20":"shipping-taxable","21":"purchasable","22":"product-type-variable","23":"add-to-wishlist-before_image"},"exclude_global_add_ons":[],"addons":[],"acf":[],"_links":{"self":[{"href":"https:\/\/shop.kustom.ch\/fr\/wp-json\/wp\/v2\/product\/89660"}],"collection":[{"href":"https:\/\/shop.kustom.ch\/fr\/wp-json\/wp\/v2\/product"}],"about":[{"href":"https:\/\/shop.kustom.ch\/fr\/wp-json\/wp\/v2\/types\/product"}],"wp:featuredmedia":[{"embeddable":true,"href":"https:\/\/shop.kustom.ch\/fr\/wp-json\/wp\/v2\/media\/247716"}],"wp:attachment":[{"href":"https:\/\/shop.kustom.ch\/fr\/wp-json\/wp\/v2\/media?parent=89660"}],"wp:term":[{"taxonomy":"product_brand","embeddable":true,"href":"https:\/\/shop.kustom.ch\/fr\/wp-json\/wp\/v2\/product_brand?post=89660"},{"taxonomy":"product_cat","embeddable":true,"href":"https:\/\/shop.kustom.ch\/fr\/wp-json\/wp\/v2\/product_cat?post=89660"},{"taxonomy":"product_tag","embeddable":true,"href":"https:\/\/shop.kustom.ch\/fr\/wp-json\/wp\/v2\/product_tag?post=89660"}],"curies":[{"name":"wp","href":"https:\/\/api.w.org\/{rel}","templated":true}]}}