{"id":89370,"date":"2024-03-20T16:28:52","date_gmt":"2024-03-20T15:28:52","guid":{"rendered":"https:\/\/kustomshop.kinsta.cloud\/produkt\/progress-graphic-jersey-m\/"},"modified":"2026-03-27T14:58:26","modified_gmt":"2026-03-27T13:58:26","slug":"progress-graphic-jersey-m","status":"publish","type":"product","link":"https:\/\/shop.kustom.ch\/fr\/produit\/progress-graphic-jersey-m\/","title":{"rendered":"Progress Graphic Jersey M"},"content":{"rendered":"<p>Mati\u00e8re fonctionnelle et design captivant. C'est avec ces caract\u00e9ristiques que le maillot Progress Graphic de CRAFT marque des points. Le tissu innovant \u00e9vacue rapidement l'humidit\u00e9 du corps et les inserts en filet sous les bras assurent une a\u00e9ration suppl\u00e9mentaire. Les rayures horizontales ajoutent encore \u00e0 la valeur du maillot.<\/p>\n<p>Mat\u00e9riau : 100 % polyester<\/p>","protected":false},"excerpt":{"rendered":"<p>Funktionales Material und aufregendes Design. Mit diesen Eigenschaften punktet das Progress Graphic Trikot von CRAFT. Das innovative Gewebe transportiert die Feuchtigkeit schnell vom K\u00f6rper weg und Netzeins\u00e4tze unter den Armen sorgen f\u00fcr zus\u00e4tzliche Bel\u00fcftung. Die horizontale Streifenoptik wertet das Trikot weiter auf. Material: 100 % Polyester<\/p>","protected":false},"featured_media":247676,"template":"","meta":[],"product_brand":[],"product_cat":[4201],"product_tag":[],"class_list":{"0":"post-89370","1":"product","2":"type-product","3":"status-publish","4":"has-post-thumbnail","6":"product_cat-t-shirts","7":"pa_brand-craft-teamwear","8":"pa_brand-type-sportswear","9":"pa_filter-color-blau","10":"pa_filter-color-gelb","11":"pa_filter-color-gruen","12":"pa_filter-color-orange","13":"pa_filter-color-pink","14":"pa_filter-color-rot","15":"pa_filter-color-schwarz","17":"first","18":"instock","19":"sale","20":"taxable","21":"shipping-taxable","22":"purchasable","23":"product-type-variable","24":"add-to-wishlist-before_image"},"exclude_global_add_ons":[],"addons":[],"acf":[],"_links":{"self":[{"href":"https:\/\/shop.kustom.ch\/fr\/wp-json\/wp\/v2\/product\/89370"}],"collection":[{"href":"https:\/\/shop.kustom.ch\/fr\/wp-json\/wp\/v2\/product"}],"about":[{"href":"https:\/\/shop.kustom.ch\/fr\/wp-json\/wp\/v2\/types\/product"}],"wp:featuredmedia":[{"embeddable":true,"href":"https:\/\/shop.kustom.ch\/fr\/wp-json\/wp\/v2\/media\/247676"}],"wp:attachment":[{"href":"https:\/\/shop.kustom.ch\/fr\/wp-json\/wp\/v2\/media?parent=89370"}],"wp:term":[{"taxonomy":"product_brand","embeddable":true,"href":"https:\/\/shop.kustom.ch\/fr\/wp-json\/wp\/v2\/product_brand?post=89370"},{"taxonomy":"product_cat","embeddable":true,"href":"https:\/\/shop.kustom.ch\/fr\/wp-json\/wp\/v2\/product_cat?post=89370"},{"taxonomy":"product_tag","embeddable":true,"href":"https:\/\/shop.kustom.ch\/fr\/wp-json\/wp\/v2\/product_tag?post=89370"}],"curies":[{"name":"wp","href":"https:\/\/api.w.org\/{rel}","templated":true}]}}