{"id":89281,"date":"2024-03-20T16:28:40","date_gmt":"2024-03-20T15:28:40","guid":{"rendered":"https:\/\/kustomshop.kinsta.cloud\/produkt\/progress-jersey-stripe-m\/"},"modified":"2026-03-27T15:04:41","modified_gmt":"2026-03-27T14:04:41","slug":"progress-jersey-stripe-m","status":"publish","type":"product","link":"https:\/\/shop.kustom.ch\/fr\/produit\/progress-jersey-stripe-m\/","title":{"rendered":"Progress Jersey Stripe M"},"content":{"rendered":"<p>Ici, le design traditionnel s'allie \u00e0 un choix de mat\u00e9riaux de qualit\u00e9. L'aspect ray\u00e9 fait de ce maillot un accroche-regard absolu. Il s\u00e9duit \u00e9galement par sa propri\u00e9t\u00e9 de s\u00e9chage rapide et ses empi\u00e8cements en filet sp\u00e9cialement travaill\u00e9s sous les bras. Un jeu tactique de CRAFT qui ne fait pas seulement bonne figure, mais qui offre aussi la meilleure qualit\u00e9 et les meilleures performances.<\/p>\n<p>Mat\u00e9riau : 100 % polyester<\/p>","protected":false},"excerpt":{"rendered":"<p>Hier vereinen sich traditionelles Design und eine hochwertige Materialauswahl. Die Streifenoptik macht das Trikot zu einem absoluten Hingucker. Zudem besticht es durch die schnelltrocknende Eigenschaft und speziell verarbeitete Netzeins\u00e4tze unter den Armen. Ein taktischer Spielzug von CRAFT, der nicht nur gut aussehen l\u00e4sst sondern auch beste Qualit\u00e4t und Leistung bietet. Material: 100 % Polyester<\/p>","protected":false},"featured_media":247665,"template":"","meta":[],"product_brand":[],"product_cat":[4201],"product_tag":[],"class_list":{"0":"post-89281","1":"product","2":"type-product","3":"status-publish","4":"has-post-thumbnail","6":"product_cat-t-shirts","7":"pa_brand-craft-teamwear","8":"pa_brand-type-sportswear","9":"pa_filter-color-blau","10":"pa_filter-color-gelb","11":"pa_filter-color-gruen","12":"pa_filter-color-rot","13":"pa_filter-color-schwarz","14":"pa_filter-color-weiss","16":"first","17":"instock","18":"sale","19":"taxable","20":"shipping-taxable","21":"purchasable","22":"product-type-variable","23":"add-to-wishlist-before_image"},"exclude_global_add_ons":[],"addons":[],"acf":[],"_links":{"self":[{"href":"https:\/\/shop.kustom.ch\/fr\/wp-json\/wp\/v2\/product\/89281"}],"collection":[{"href":"https:\/\/shop.kustom.ch\/fr\/wp-json\/wp\/v2\/product"}],"about":[{"href":"https:\/\/shop.kustom.ch\/fr\/wp-json\/wp\/v2\/types\/product"}],"wp:featuredmedia":[{"embeddable":true,"href":"https:\/\/shop.kustom.ch\/fr\/wp-json\/wp\/v2\/media\/247665"}],"wp:attachment":[{"href":"https:\/\/shop.kustom.ch\/fr\/wp-json\/wp\/v2\/media?parent=89281"}],"wp:term":[{"taxonomy":"product_brand","embeddable":true,"href":"https:\/\/shop.kustom.ch\/fr\/wp-json\/wp\/v2\/product_brand?post=89281"},{"taxonomy":"product_cat","embeddable":true,"href":"https:\/\/shop.kustom.ch\/fr\/wp-json\/wp\/v2\/product_cat?post=89281"},{"taxonomy":"product_tag","embeddable":true,"href":"https:\/\/shop.kustom.ch\/fr\/wp-json\/wp\/v2\/product_tag?post=89281"}],"curies":[{"name":"wp","href":"https:\/\/api.w.org\/{rel}","templated":true}]}}