{"id":89113,"date":"2024-03-20T16:28:20","date_gmt":"2024-03-20T15:28:20","guid":{"rendered":"https:\/\/kustomshop.kinsta.cloud\/produkt\/progress-jersey-contrast-m\/"},"modified":"2026-03-27T15:07:42","modified_gmt":"2026-03-27T14:07:42","slug":"progress-jersey-contrast-m","status":"publish","type":"product","link":"https:\/\/shop.kustom.ch\/fr\/produit\/progress-jersey-contrast-m\/","title":{"rendered":"Progress Jersey Contrast M"},"content":{"rendered":"<p>Vous voulez vous d\u00e9marquer en tant qu'\u00e9quipe ? Alors jouez les contrastes avec le maillot de football de CRAFT. La couleur de l'encolure en V contrast\u00e9e se retrouve sur les c\u00f4t\u00e9s du maillot. En plus de son aspect sportif, le maillot garantit une \u00e9vacuation rapide de l'humidit\u00e9 et donc une sensation agr\u00e9able pour le corps. Des inserts en filet sp\u00e9ciaux sous les bras assurent une a\u00e9ration suppl\u00e9mentaire lors des mouvements rapides.<\/p>\n<p>Mat\u00e9riau : 100 % polyester<\/p>","protected":false},"excerpt":{"rendered":"<p>Ihr wollt euch als Mannschaft abheben? Dann setzt Kontraste mit dem Fussballtrikot von CRAFT. Die Farbe des abgesetzten V-Ausschnitts findet sich in den Seiten des Trikots wieder. Neben der sportiven Optik garantiert das Trikot einen schnellen Feuchtigkeitsabtransport und somit ein angenehmes K\u00f6rpergef\u00fchl. F\u00fcr zus\u00e4tzliche Bel\u00fcftung bei schnellen Spielz\u00fcgen sorgen spezielle Netzeins\u00e4tze unter den Armen. Material: [&hellip;]<\/p>\n","protected":false},"featured_media":247644,"template":"","meta":[],"product_brand":[],"product_cat":[4201],"product_tag":[],"class_list":{"0":"post-89113","1":"product","2":"type-product","3":"status-publish","4":"has-post-thumbnail","6":"product_cat-t-shirts","7":"pa_brand-craft-teamwear","8":"pa_brand-type-sportswear","9":"pa_filter-color-blau","10":"pa_filter-color-gelb","11":"pa_filter-color-gruen","12":"pa_filter-color-rot","13":"pa_filter-color-schwarz","14":"pa_filter-color-weiss","16":"first","17":"instock","18":"sale","19":"taxable","20":"shipping-taxable","21":"purchasable","22":"product-type-variable","23":"add-to-wishlist-before_image"},"exclude_global_add_ons":[],"addons":[],"acf":[],"_links":{"self":[{"href":"https:\/\/shop.kustom.ch\/fr\/wp-json\/wp\/v2\/product\/89113"}],"collection":[{"href":"https:\/\/shop.kustom.ch\/fr\/wp-json\/wp\/v2\/product"}],"about":[{"href":"https:\/\/shop.kustom.ch\/fr\/wp-json\/wp\/v2\/types\/product"}],"wp:featuredmedia":[{"embeddable":true,"href":"https:\/\/shop.kustom.ch\/fr\/wp-json\/wp\/v2\/media\/247644"}],"wp:attachment":[{"href":"https:\/\/shop.kustom.ch\/fr\/wp-json\/wp\/v2\/media?parent=89113"}],"wp:term":[{"taxonomy":"product_brand","embeddable":true,"href":"https:\/\/shop.kustom.ch\/fr\/wp-json\/wp\/v2\/product_brand?post=89113"},{"taxonomy":"product_cat","embeddable":true,"href":"https:\/\/shop.kustom.ch\/fr\/wp-json\/wp\/v2\/product_cat?post=89113"},{"taxonomy":"product_tag","embeddable":true,"href":"https:\/\/shop.kustom.ch\/fr\/wp-json\/wp\/v2\/product_tag?post=89113"}],"curies":[{"name":"wp","href":"https:\/\/api.w.org\/{rel}","templated":true}]}}