{"id":89028,"date":"2024-03-20T16:28:02","date_gmt":"2024-03-20T15:28:02","guid":{"rendered":"https:\/\/kustomshop.kinsta.cloud\/produkt\/shelter-hat-2-0\/"},"modified":"2026-03-27T13:58:55","modified_gmt":"2026-03-27T12:58:55","slug":"shelter-hat-2-0","status":"publish","type":"product","link":"https:\/\/shop.kustom.ch\/fr\/produit\/shelter-hat-2-0\/","title":{"rendered":"Shelter Hat 2.0"},"content":{"rendered":"<p>Casquette l\u00e9g\u00e8re et \u00e9lastique avec face coupe-vent, peut \u00eatre port\u00e9e sous un casque.<br \/>\n- casquette avec une coupe ergonomique et \u00e9troite, peut \u00eatre port\u00e9e sous un casque<br \/>\n- Mati\u00e8re coupe-vent, l\u00e9g\u00e8re et \u00e9lastique \u00e0 l'avant<br \/>\n- Impression r\u00e9fl\u00e9chissante<\/p>\n<p>Mat\u00e9riau : Front : Face 100% Polyester Mid 100% Polyur\u00e9thane Back 100% Polyester, Back 87% Polyester-recycl\u00e9 13% Elasthanne<\/p>","protected":false},"excerpt":{"rendered":"<p>Leichte, elastische M\u00fctze mit winddichter Vorderseite, kann unter einem Helm getragen werden. \u2022 M\u00fctze mit ergonomischer, enger Passform, kann unter einem Helm getragen werden \u2022 Winddichtes, leichtes und elastisches Material vorne \u2022 Reflektierender Print Material: Front: Face 100% Polyester Mid 100% Polyurethan Back 100% Polyester, Back 87% Polyester-recycelt 13% Elastan<\/p>","protected":false},"featured_media":247633,"template":"","meta":[],"product_brand":[],"product_cat":[9643,4177],"product_tag":[],"class_list":{"0":"post-89028","1":"product","2":"type-product","3":"status-publish","4":"has-post-thumbnail","6":"product_cat-equipment","7":"product_cat-caps-muetzen","8":"pa_brand-craft-retail-sportswear","9":"pa_brand-type-sportswear","10":"pa_filter-color-schwarz","12":"first","13":"instock","14":"sale","15":"taxable","16":"shipping-taxable","17":"purchasable","18":"product-type-variable","19":"add-to-wishlist-before_image"},"exclude_global_add_ons":[],"addons":[],"acf":[],"_links":{"self":[{"href":"https:\/\/shop.kustom.ch\/fr\/wp-json\/wp\/v2\/product\/89028"}],"collection":[{"href":"https:\/\/shop.kustom.ch\/fr\/wp-json\/wp\/v2\/product"}],"about":[{"href":"https:\/\/shop.kustom.ch\/fr\/wp-json\/wp\/v2\/types\/product"}],"wp:featuredmedia":[{"embeddable":true,"href":"https:\/\/shop.kustom.ch\/fr\/wp-json\/wp\/v2\/media\/247633"}],"wp:attachment":[{"href":"https:\/\/shop.kustom.ch\/fr\/wp-json\/wp\/v2\/media?parent=89028"}],"wp:term":[{"taxonomy":"product_brand","embeddable":true,"href":"https:\/\/shop.kustom.ch\/fr\/wp-json\/wp\/v2\/product_brand?post=89028"},{"taxonomy":"product_cat","embeddable":true,"href":"https:\/\/shop.kustom.ch\/fr\/wp-json\/wp\/v2\/product_cat?post=89028"},{"taxonomy":"product_tag","embeddable":true,"href":"https:\/\/shop.kustom.ch\/fr\/wp-json\/wp\/v2\/product_tag?post=89028"}],"curies":[{"name":"wp","href":"https:\/\/api.w.org\/{rel}","templated":true}]}}