{"id":89015,"date":"2024-03-20T16:27:58","date_gmt":"2024-03-20T15:27:58","guid":{"rendered":"https:\/\/kustomshop.kinsta.cloud\/produkt\/warm-mid-2-pack-sock\/"},"modified":"2026-03-27T13:22:53","modified_gmt":"2026-03-27T12:22:53","slug":"warm-mid-2-pack-sock","status":"publish","type":"product","link":"https:\/\/shop.kustom.ch\/fr\/produit\/warm-mid-2-pack-sock\/","title":{"rendered":"Chaussettes Warm Mid 2pack"},"content":{"rendered":"<p>Chaussettes pour les jours froids avec une protection \u00e9lastique de la vo\u00fbte plantaire et un excellent transport de l'humidit\u00e9. Lot de deux.<br \/>\n- Coupe ergonomique pour pied gauche et droit<br \/>\n- Fil en polypropyl\u00e8ne pour une \u00e9vacuation efficace de l'humidit\u00e9<br \/>\n- Protection \u00e9lastique de la vo\u00fbte plantaire pour un meilleur maintien et une assise optimale<br \/>\n-<\/p>\n<p>Mati\u00e8re : 40% polyamide 29% laine 29% acrylique 2% \u00e9lasthanne<\/p>","protected":false},"excerpt":{"rendered":"<p>Socken f\u00fcr kalte Tage mit elastischem Fussgew\u00f6lbeschutz und hervorragendem Feuchtigkeitstransport. Doppelpack. \u2022 Ergonomische Passform f\u00fcr linken und rechten Fuss \u2022 Polypropylengarn f\u00fcr einen effizienten Feuchtigkeitstransport \u2022 Elastischer Fussgew\u00f6lbeschutz f\u00fcr besseren Halt und optimalen Sitz \u2022 Material: 40% Polyamid 29% Wolle 29% Acryl 2% Elastan<\/p>","protected":false},"featured_media":247631,"template":"","meta":[],"product_brand":[],"product_cat":[4199],"product_tag":[],"class_list":{"0":"post-89015","1":"product","2":"type-product","3":"status-publish","4":"has-post-thumbnail","6":"product_cat-socken","7":"pa_brand-craft-retail-sportswear","8":"pa_brand-type-sportswear","9":"pa_filter-color-grau","10":"pa_filter-color-schwarz","11":"pa_filter-color-weiss","13":"first","14":"instock","15":"sale","16":"taxable","17":"shipping-taxable","18":"purchasable","19":"product-type-variable","20":"add-to-wishlist-before_image"},"exclude_global_add_ons":[],"addons":[],"acf":[],"_links":{"self":[{"href":"https:\/\/shop.kustom.ch\/fr\/wp-json\/wp\/v2\/product\/89015"}],"collection":[{"href":"https:\/\/shop.kustom.ch\/fr\/wp-json\/wp\/v2\/product"}],"about":[{"href":"https:\/\/shop.kustom.ch\/fr\/wp-json\/wp\/v2\/types\/product"}],"wp:featuredmedia":[{"embeddable":true,"href":"https:\/\/shop.kustom.ch\/fr\/wp-json\/wp\/v2\/media\/247631"}],"wp:attachment":[{"href":"https:\/\/shop.kustom.ch\/fr\/wp-json\/wp\/v2\/media?parent=89015"}],"wp:term":[{"taxonomy":"product_brand","embeddable":true,"href":"https:\/\/shop.kustom.ch\/fr\/wp-json\/wp\/v2\/product_brand?post=89015"},{"taxonomy":"product_cat","embeddable":true,"href":"https:\/\/shop.kustom.ch\/fr\/wp-json\/wp\/v2\/product_cat?post=89015"},{"taxonomy":"product_tag","embeddable":true,"href":"https:\/\/shop.kustom.ch\/fr\/wp-json\/wp\/v2\/product_tag?post=89015"}],"curies":[{"name":"wp","href":"https:\/\/api.w.org\/{rel}","templated":true}]}}