{"id":88961,"date":"2024-03-20T16:27:43","date_gmt":"2024-03-20T15:27:43","guid":{"rendered":"https:\/\/kustomshop.kinsta.cloud\/produkt\/highland-jacket-m\/"},"modified":"2026-03-27T14:52:37","modified_gmt":"2026-03-27T13:52:37","slug":"highland-jacket-m","status":"publish","type":"product","link":"https:\/\/shop.kustom.ch\/fr\/produit\/highland-jacket-m\/","title":{"rendered":"Veste Highland M"},"content":{"rendered":"<p>Veste en mat\u00e9riau softshell 3 couches coupe-vent et d\u00e9perlant.<\/p>\n<p>- 5000 WP\/5000 MVP<br \/>\n- Mati\u00e8re softshell 3 couches r\u00e9sistante au vent et \u00e0 l'eau<br \/>\n- Int\u00e9rieur doux et gratt\u00e9 pour une sensation agr\u00e9able sur la peau<br \/>\n- Capuche r\u00e9glable avec cordon de serrage \u00e9lastique<br \/>\n- Cordon de serrage \u00e9lastique \u00e0 la taille pour un ajustement optimal<br \/>\n- Poches poitrine avec fermeture \u00e0 glissi\u00e8re<br \/>\n- Deux poches chauffe-mains avec fermeture \u00e9clair<\/p>\n<p>Mat\u00e9riau : polyester 100%<\/p>","protected":false},"excerpt":{"rendered":"<p>Jacke aus wind- und wasserabweisendem 3-Lagen-Softshell-Material. \u2022 5000 WP\/5000 MVP \u2022 Wind- und wasserfestes 3-Lagen-Softshell-Material \u2022 Weiche angeraute Innenseite f\u00fcr ein angenehmes Gef\u00fchl auf der Haut \u2022 Verstellbare Kapuze mit elastischem Kordelzug \u2022 Elastischer Kordelzug am Bund f\u00fcr einen optimalen Sitz \u2022 Brusttaschen mit Reissverschluss \u2022 Zwei Handw\u00e4rmetaschen mit Reissverschluss Material: 100% Polyester<\/p>","protected":false},"featured_media":247625,"template":"","meta":[],"product_brand":[],"product_cat":[4186],"product_tag":[],"class_list":{"0":"post-88961","1":"product","2":"type-product","3":"status-publish","4":"has-post-thumbnail","6":"product_cat-jacken","7":"pa_brand-craft-retail-sportswear","8":"pa_brand-type-sportswear","9":"pa_filter-color-blau","10":"pa_filter-color-orange","11":"pa_filter-color-schwarz","12":"pa_filter-color-weiss","14":"first","15":"instock","16":"sale","17":"taxable","18":"shipping-taxable","19":"purchasable","20":"product-type-variable","21":"add-to-wishlist-before_image"},"exclude_global_add_ons":[],"addons":[],"acf":[],"_links":{"self":[{"href":"https:\/\/shop.kustom.ch\/fr\/wp-json\/wp\/v2\/product\/88961"}],"collection":[{"href":"https:\/\/shop.kustom.ch\/fr\/wp-json\/wp\/v2\/product"}],"about":[{"href":"https:\/\/shop.kustom.ch\/fr\/wp-json\/wp\/v2\/types\/product"}],"wp:featuredmedia":[{"embeddable":true,"href":"https:\/\/shop.kustom.ch\/fr\/wp-json\/wp\/v2\/media\/247625"}],"wp:attachment":[{"href":"https:\/\/shop.kustom.ch\/fr\/wp-json\/wp\/v2\/media?parent=88961"}],"wp:term":[{"taxonomy":"product_brand","embeddable":true,"href":"https:\/\/shop.kustom.ch\/fr\/wp-json\/wp\/v2\/product_brand?post=88961"},{"taxonomy":"product_cat","embeddable":true,"href":"https:\/\/shop.kustom.ch\/fr\/wp-json\/wp\/v2\/product_cat?post=88961"},{"taxonomy":"product_tag","embeddable":true,"href":"https:\/\/shop.kustom.ch\/fr\/wp-json\/wp\/v2\/product_tag?post=88961"}],"curies":[{"name":"wp","href":"https:\/\/api.w.org\/{rel}","templated":true}]}}