{"id":88910,"date":"2024-03-20T16:27:25","date_gmt":"2024-03-20T15:27:25","guid":{"rendered":"https:\/\/kustomshop.kinsta.cloud\/produkt\/greatness-bike-shorts-m\/"},"modified":"2026-03-27T14:40:26","modified_gmt":"2026-03-27T13:40:26","slug":"greatness-bike-shorts-m","status":"publish","type":"product","link":"https:\/\/shop.kustom.ch\/fr\/produit\/greatness-bike-shorts-m\/","title":{"rendered":"Greatness Short de v\u00e9lo M"},"content":{"rendered":"<p>Short \u00e9lastique avec finition sans couture \u00e0 porter sous le cuissard, avec pad C4.<br \/>\n- Coupe ergonomique pour une libert\u00e9 de mouvement illimit\u00e9e<br \/>\n- Assure une agr\u00e9able sensation de fra\u00eecheur. La fibre micro-polyester l\u00e9g\u00e8re \u00e0 6 canaux \u00e9vacue l'humidit\u00e9 de la transpiration vers l'ext\u00e9rieur pour une sensation de fra\u00eecheur agr\u00e9able.<br \/>\n- Excellent transfert d'humidit\u00e9<br \/>\n- Design ergonomique pour un ajustement optimal en position de course<br \/>\n- Extr\u00e9mit\u00e9s des jambes souples et \u00e9lastiques avec logo en silicone<br \/>\n- Short int\u00e9rieur confortable \u00e0 porter sous le short de cyclisme large ou, si n\u00e9cessaire, rembourrage suppl\u00e9mentaire sous le short de cyclisme<br \/>\n- Infinity C4 Pad<\/p>\n<p>Mati\u00e8re : 88% polyester, 12% \u00e9lasthanne<\/p>","protected":false},"excerpt":{"rendered":"<p>Elastische Shorts mit nahtloser Verarbeitung zum Tragen unter der Radhose, mit C4 Pad. \u2022 Ergonomische Passform f\u00fcr uneingeschr\u00e4nkte Bewegungsfreiheit \u2022 Sorgt f\u00fcr ein angenehm k\u00fchles Gef\u00fchl. Leichte 6-kanalige Mikropolyester-Faser transportiert Schwitzfeuchtigkeit nach aussen f\u00fcr ein angenehm k\u00fchles Gef\u00fchl \u2022 Hervorragender Feuchtigkeitstransport \u2022 Ergonomisches Design f\u00fcr einen optimalen Sitz in Rennposition \u2022 Weiche, elastische Beinenden mit [&hellip;]<\/p>\n","protected":false},"featured_media":247619,"template":"","meta":[],"product_brand":[],"product_cat":[4198],"product_tag":[],"class_list":{"0":"post-88910","1":"product","2":"type-product","3":"status-publish","4":"has-post-thumbnail","6":"product_cat-shorts","7":"pa_brand-craft-retail-sportswear","8":"pa_brand-type-sportswear","9":"pa_filter-color-schwarz","10":"pa_filter-color-weiss","12":"first","13":"instock","14":"sale","15":"taxable","16":"shipping-taxable","17":"purchasable","18":"product-type-variable","19":"add-to-wishlist-before_image"},"exclude_global_add_ons":[],"addons":[],"acf":[],"_links":{"self":[{"href":"https:\/\/shop.kustom.ch\/fr\/wp-json\/wp\/v2\/product\/88910"}],"collection":[{"href":"https:\/\/shop.kustom.ch\/fr\/wp-json\/wp\/v2\/product"}],"about":[{"href":"https:\/\/shop.kustom.ch\/fr\/wp-json\/wp\/v2\/types\/product"}],"wp:featuredmedia":[{"embeddable":true,"href":"https:\/\/shop.kustom.ch\/fr\/wp-json\/wp\/v2\/media\/247619"}],"wp:attachment":[{"href":"https:\/\/shop.kustom.ch\/fr\/wp-json\/wp\/v2\/media?parent=88910"}],"wp:term":[{"taxonomy":"product_brand","embeddable":true,"href":"https:\/\/shop.kustom.ch\/fr\/wp-json\/wp\/v2\/product_brand?post=88910"},{"taxonomy":"product_cat","embeddable":true,"href":"https:\/\/shop.kustom.ch\/fr\/wp-json\/wp\/v2\/product_cat?post=88910"},{"taxonomy":"product_tag","embeddable":true,"href":"https:\/\/shop.kustom.ch\/fr\/wp-json\/wp\/v2\/product_tag?post=88910"}],"curies":[{"name":"wp","href":"https:\/\/api.w.org\/{rel}","templated":true}]}}