{"id":88892,"date":"2024-03-20T16:27:18","date_gmt":"2024-03-20T15:27:18","guid":{"rendered":"https:\/\/kustomshop.kinsta.cloud\/produkt\/greatness-bike-shorts-w\/"},"modified":"2026-03-27T14:02:05","modified_gmt":"2026-03-27T13:02:05","slug":"greatness-bike-shorts-w","status":"publish","type":"product","link":"https:\/\/shop.kustom.ch\/fr\/produit\/greatness-bike-shorts-w\/","title":{"rendered":"Greatness Bike Shorts W"},"content":{"rendered":"<p>Short int\u00e9rieur fin et l\u00e9ger avec un excellent transfert d'humidit\u00e9 et une peau de chamois Infinity C4.<br \/>\n- Short confortable si besoin d'un rembourrage suppl\u00e9mentaire pour \u00e9viter les frottements sous les shorts larges ou sous les cuissards classiques.<br \/>\n- Coupe ergonomique pour une libert\u00e9 de mouvement illimit\u00e9e<br \/>\n- procure une agr\u00e9able sensation de fra\u00eecheur<br \/>\n- La fibre micro-polyester l\u00e9g\u00e8re \u00e0 6 canaux \u00e9vacue l'humidit\u00e9 de la transpiration vers l'ext\u00e9rieur pour une sensation de fra\u00eecheur agr\u00e9able<br \/>\n- Design ergonomique pour une excellente \u00e9vacuation de l'humidit\u00e9 et un maintien optimal en position de course<br \/>\n- Mati\u00e8re douce et \u00e9lastique au bout des jambes avec logo en silicone<br \/>\n- Short int\u00e9rieur confortable \u00e0 enfiler sous un short large ou sous un cuissard classique ou si un rembourrage suppl\u00e9mentaire est n\u00e9cessaire<br \/>\n-coussin de si\u00e8ge pour femme Infinity C4<\/p>\n<p>Mati\u00e8re : 88% polyester, 12% \u00e9lasthanne<\/p>","protected":false},"excerpt":{"rendered":"<p>Feine, leichte Innenshorts mit hervorragendem Feuchtigkeitstransport und Infinity C4 Sitzpolster. \u2022 Bequeme Shorts bei Bedarf an zus\u00e4tzlicher Polsterung, um Reibung unter den weiten Shorts oder unter der klassischen Radhose zu vermeiden \u2022 Ergonomische Passform f\u00fcr uneingeschr\u00e4nkte Bewegungsfreiheit \u2022 Sorgt f\u00fcr ein angenehm k\u00fchles Gef\u00fchl \u2022 Leichte 6-kanalige Mikropolyester-Faser transportiert Schwitzfeuchtigkeit nach aussen f\u00fcr ein angenehm [&hellip;]<\/p>\n","protected":false},"featured_media":247617,"template":"","meta":[],"product_brand":[],"product_cat":[4206],"product_tag":[],"class_list":{"0":"post-88892","1":"product","2":"type-product","3":"status-publish","4":"has-post-thumbnail","6":"product_cat-underwear","7":"pa_brand-craft-retail-sportswear","8":"pa_brand-type-sportswear","9":"pa_filter-color-schwarz","11":"first","12":"instock","13":"sale","14":"taxable","15":"shipping-taxable","16":"purchasable","17":"product-type-variable","18":"add-to-wishlist-before_image"},"exclude_global_add_ons":[],"addons":[],"acf":[],"_links":{"self":[{"href":"https:\/\/shop.kustom.ch\/fr\/wp-json\/wp\/v2\/product\/88892"}],"collection":[{"href":"https:\/\/shop.kustom.ch\/fr\/wp-json\/wp\/v2\/product"}],"about":[{"href":"https:\/\/shop.kustom.ch\/fr\/wp-json\/wp\/v2\/types\/product"}],"wp:featuredmedia":[{"embeddable":true,"href":"https:\/\/shop.kustom.ch\/fr\/wp-json\/wp\/v2\/media\/247617"}],"wp:attachment":[{"href":"https:\/\/shop.kustom.ch\/fr\/wp-json\/wp\/v2\/media?parent=88892"}],"wp:term":[{"taxonomy":"product_brand","embeddable":true,"href":"https:\/\/shop.kustom.ch\/fr\/wp-json\/wp\/v2\/product_brand?post=88892"},{"taxonomy":"product_cat","embeddable":true,"href":"https:\/\/shop.kustom.ch\/fr\/wp-json\/wp\/v2\/product_cat?post=88892"},{"taxonomy":"product_tag","embeddable":true,"href":"https:\/\/shop.kustom.ch\/fr\/wp-json\/wp\/v2\/product_tag?post=88892"}],"curies":[{"name":"wp","href":"https:\/\/api.w.org\/{rel}","templated":true}]}}