{"id":88882,"date":"2024-03-20T16:27:11","date_gmt":"2024-03-20T15:27:11","guid":{"rendered":"https:\/\/kustomshop.kinsta.cloud\/produkt\/seamless-knee-warmer-2-0\/"},"modified":"2026-03-27T13:42:31","modified_gmt":"2026-03-27T12:42:31","slug":"seamless-knee-warmer-2-0","status":"publish","type":"product","link":"https:\/\/shop.kustom.ch\/fr\/produit\/seamless-knee-warmer-2-0\/","title":{"rendered":"Couvre-jambes Seamless 2.0"},"content":{"rendered":"<p>Chauffe-genoux avec finition sans couture et \u00e9paisseur adapt\u00e9e aux diff\u00e9rentes zones de chaleur.<br \/>\n- \u00c9paisseur adapt\u00e9e aux diff\u00e9rentes zones de chaleur<br \/>\n- Finition sans couture<br \/>\n- Mat\u00e9riau tr\u00e8s \u00e9lastique et doux<br \/>\n- Coupe ergonomique<\/p>\n<p>Mati\u00e8re : 54% polyamide, 38% polyester, 8% \u00e9lasthanne<\/p>","protected":false},"excerpt":{"rendered":"<p>Kniew\u00e4rmer mit nahtloser Verarbeitung und den verschiedenen W\u00e4rmezonen angepasster Dicke. \u2022 Verschiedenen W\u00e4rmezonen angepasste Dicke \u2022 Nahtlose Verarbeitung \u2022 Hochelastisches, weiches Material \u2022 Ergonomische Passform Material: 54% Polyamid, 38% Polyester, 8% Elastan<\/p>","protected":false},"featured_media":247615,"template":"","meta":[],"product_brand":[],"product_cat":[9643,4209],"product_tag":[],"class_list":{"0":"post-88882","1":"product","2":"type-product","3":"status-publish","4":"has-post-thumbnail","6":"product_cat-equipment","7":"product_cat-zubehoer","8":"pa_brand-craft-retail-sportswear","9":"pa_brand-type-sportswear","10":"pa_filter-color-schwarz","12":"first","13":"instock","14":"sale","15":"taxable","16":"shipping-taxable","17":"purchasable","18":"product-type-variable","19":"add-to-wishlist-before_image"},"exclude_global_add_ons":[],"addons":[],"acf":[],"_links":{"self":[{"href":"https:\/\/shop.kustom.ch\/fr\/wp-json\/wp\/v2\/product\/88882"}],"collection":[{"href":"https:\/\/shop.kustom.ch\/fr\/wp-json\/wp\/v2\/product"}],"about":[{"href":"https:\/\/shop.kustom.ch\/fr\/wp-json\/wp\/v2\/types\/product"}],"wp:featuredmedia":[{"embeddable":true,"href":"https:\/\/shop.kustom.ch\/fr\/wp-json\/wp\/v2\/media\/247615"}],"wp:attachment":[{"href":"https:\/\/shop.kustom.ch\/fr\/wp-json\/wp\/v2\/media?parent=88882"}],"wp:term":[{"taxonomy":"product_brand","embeddable":true,"href":"https:\/\/shop.kustom.ch\/fr\/wp-json\/wp\/v2\/product_brand?post=88882"},{"taxonomy":"product_cat","embeddable":true,"href":"https:\/\/shop.kustom.ch\/fr\/wp-json\/wp\/v2\/product_cat?post=88882"},{"taxonomy":"product_tag","embeddable":true,"href":"https:\/\/shop.kustom.ch\/fr\/wp-json\/wp\/v2\/product_tag?post=88882"}],"curies":[{"name":"wp","href":"https:\/\/api.w.org\/{rel}","templated":true}]}}