{"id":88851,"date":"2024-03-20T16:26:53","date_gmt":"2024-03-20T15:26:53","guid":{"rendered":"https:\/\/kustomshop.kinsta.cloud\/produkt\/craft-shelter-bootie\/"},"modified":"2026-03-27T13:50:33","modified_gmt":"2026-03-27T12:50:33","slug":"craft-shelter-bootie","status":"publish","type":"product","link":"https:\/\/shop.kustom.ch\/fr\/produit\/craft-shelter-bootie\/","title":{"rendered":"Craft Shelter Bootie"},"content":{"rendered":"<p>Surchaussures \u00e9lastiques, r\u00e9sistantes au vent et \u00e0 l'eau, avec coutures soud\u00e9es.<br \/>\n- Toutes les coutures avec bande imperm\u00e9able \u00e0 l'int\u00e9rieur<br \/>\n- Mat\u00e9riau r\u00e9sistant au vent et \u00e0 l'eau avec int\u00e9rieur gratt\u00e9 pour une protection parfaite contre le froid et l'humidit\u00e9<br \/>\n- Impressions r\u00e9fl\u00e9chissantes pour une meilleure protection<br \/>\n- fermeture velcro en haut<br \/>\n- n\u00e9opr\u00e8ne \u00e0 l'avant pour plus de chaleur<br \/>\n- Zone renforc\u00e9e au niveau du talon et des orteils<br \/>\n- R\u00e9sistance durable \u00e0 l'eau<br \/>\n- fermeture \u00e9clair 3\/4 \u00e0 l'arri\u00e8re<br \/>\n- Boucle r\u00e9fl\u00e9chissante \u00e0 l'arri\u00e8re pour un r\u00e9glage facile<br \/>\n-<\/p>\n<p>Mat\u00e9riau : Upper : 70% polyur\u00e9thane, 20% polyester, 10% \u00e9lasthanne, Mid : 100% n\u00e9opr\u00e8ne, Back : 100% polyester<\/p>","protected":false},"excerpt":{"rendered":"<p>Elastische, wind- und wasserfeste \u00dcberschuhe mit verschweissten N\u00e4hten. \u2022 Alle N\u00e4hte mit wasserfestem Band auf der Innenseite \u2022 Wind- und wasserfestes Material mit angerauter Innenseite f\u00fcr perfekten K\u00e4lte- und Feuchtigkeitsschutz \u2022 Reflektierende Prints f\u00fcr erh\u00f6hten Schutz \u2022 Klettverschluss oben \u2022 Neopren vorne f\u00fcr zus\u00e4tzliche W\u00e4rme \u2022 Verst\u00e4rkte Fersen- und Zehenbereiche \u2022 Dauerhaft wasserfest \u2022 3\/4-Reissverschluss [&hellip;]<\/p>\n","protected":false},"featured_media":247608,"template":"","meta":[],"product_brand":[],"product_cat":[9643,4209],"product_tag":[],"class_list":{"0":"post-88851","1":"product","2":"type-product","3":"status-publish","4":"has-post-thumbnail","6":"product_cat-equipment","7":"product_cat-zubehoer","8":"pa_brand-craft-retail-sportswear","9":"pa_brand-type-sportswear","10":"pa_filter-color-schwarz","12":"first","13":"instock","14":"sale","15":"taxable","16":"shipping-taxable","17":"purchasable","18":"product-type-variable","19":"add-to-wishlist-before_image"},"exclude_global_add_ons":[],"addons":[],"acf":[],"_links":{"self":[{"href":"https:\/\/shop.kustom.ch\/fr\/wp-json\/wp\/v2\/product\/88851"}],"collection":[{"href":"https:\/\/shop.kustom.ch\/fr\/wp-json\/wp\/v2\/product"}],"about":[{"href":"https:\/\/shop.kustom.ch\/fr\/wp-json\/wp\/v2\/types\/product"}],"wp:featuredmedia":[{"embeddable":true,"href":"https:\/\/shop.kustom.ch\/fr\/wp-json\/wp\/v2\/media\/247608"}],"wp:attachment":[{"href":"https:\/\/shop.kustom.ch\/fr\/wp-json\/wp\/v2\/media?parent=88851"}],"wp:term":[{"taxonomy":"product_brand","embeddable":true,"href":"https:\/\/shop.kustom.ch\/fr\/wp-json\/wp\/v2\/product_brand?post=88851"},{"taxonomy":"product_cat","embeddable":true,"href":"https:\/\/shop.kustom.ch\/fr\/wp-json\/wp\/v2\/product_cat?post=88851"},{"taxonomy":"product_tag","embeddable":true,"href":"https:\/\/shop.kustom.ch\/fr\/wp-json\/wp\/v2\/product_tag?post=88851"}],"curies":[{"name":"wp","href":"https:\/\/api.w.org\/{rel}","templated":true}]}}