{"id":88837,"date":"2024-03-20T16:26:46","date_gmt":"2024-03-20T15:26:46","guid":{"rendered":"https:\/\/kustomshop.kinsta.cloud\/produkt\/vasaloppet-necktube\/"},"modified":"2026-04-16T10:08:46","modified_gmt":"2026-04-16T09:08:46","slug":"vasaloppet-necktube","status":"publish","type":"product","link":"https:\/\/shop.kustom.ch\/fr\/produit\/vasaloppet-necktube\/","title":{"rendered":"VASALOPPET Tube de pr\u00e9l\u00e8vement"},"content":{"rendered":"<p>\u00c9charpe tubulaire douce et fonctionnelle qui peut \u00e9galement \u00eatre port\u00e9e comme bonnet ou bandeau.<br \/>\n- Maintient le cou ou la t\u00eate au chaud<br \/>\n- Mati\u00e8re polyester douce et fonctionnelle<br \/>\n- Accessoire de sport extr\u00eamement polyvalent<\/p>\n<p>Mat\u00e9riau : polyester 100%<\/p>","protected":false},"excerpt":{"rendered":"<p>Weicher, funktioneller Schlauchschal, der sich auch als M\u00fctze oder Stirnband tragen l\u00e4sst. \u2022 H\u00e4lt Hals oder Kopf warm \u2022 Weiches, funktionelles Polyestermaterial \u2022 \u00c4usserst vielseitiges Sportaccessoire Material: 100% Polyester<\/p>","protected":false},"featured_media":247602,"template":"","meta":[],"product_brand":[],"product_cat":[9643,4209],"product_tag":[],"class_list":{"0":"post-88837","1":"product","2":"type-product","3":"status-publish","4":"has-post-thumbnail","6":"product_cat-equipment","7":"product_cat-zubehoer","8":"pa_brand-craft-retail-sportswear","9":"pa_brand-type-sportswear","10":"pa_filter-color-blau","11":"pa_filter-color-gruen","12":"pa_filter-color-orange","13":"pa_filter-color-schwarz","15":"first","16":"instock","17":"sale","18":"taxable","19":"shipping-taxable","20":"purchasable","21":"product-type-variable","22":"add-to-wishlist-before_image"},"exclude_global_add_ons":[],"addons":[],"acf":[],"_links":{"self":[{"href":"https:\/\/shop.kustom.ch\/fr\/wp-json\/wp\/v2\/product\/88837"}],"collection":[{"href":"https:\/\/shop.kustom.ch\/fr\/wp-json\/wp\/v2\/product"}],"about":[{"href":"https:\/\/shop.kustom.ch\/fr\/wp-json\/wp\/v2\/types\/product"}],"wp:featuredmedia":[{"embeddable":true,"href":"https:\/\/shop.kustom.ch\/fr\/wp-json\/wp\/v2\/media\/247602"}],"wp:attachment":[{"href":"https:\/\/shop.kustom.ch\/fr\/wp-json\/wp\/v2\/media?parent=88837"}],"wp:term":[{"taxonomy":"product_brand","embeddable":true,"href":"https:\/\/shop.kustom.ch\/fr\/wp-json\/wp\/v2\/product_brand?post=88837"},{"taxonomy":"product_cat","embeddable":true,"href":"https:\/\/shop.kustom.ch\/fr\/wp-json\/wp\/v2\/product_cat?post=88837"},{"taxonomy":"product_tag","embeddable":true,"href":"https:\/\/shop.kustom.ch\/fr\/wp-json\/wp\/v2\/product_tag?post=88837"}],"curies":[{"name":"wp","href":"https:\/\/api.w.org\/{rel}","templated":true}]}}