{"id":88812,"date":"2024-03-20T16:26:37","date_gmt":"2024-03-20T15:26:37","guid":{"rendered":"https:\/\/kustomshop.kinsta.cloud\/produkt\/knee-warmer\/"},"modified":"2026-03-27T13:36:39","modified_gmt":"2026-03-27T12:36:39","slug":"knee-warmer","status":"publish","type":"product","link":"https:\/\/shop.kustom.ch\/fr\/produit\/knee-warmer\/","title":{"rendered":"Chauffe-jambes"},"content":{"rendered":"<p>Genouill\u00e8res thermiques avec int\u00e9rieur gratt\u00e9 pour garder les genoux au chaud par temps froid. Coupe ergonomique et rev\u00eatement en silicone sur la partie sup\u00e9rieure. En polyester recycl\u00e9.<br \/>\n- Mati\u00e8re douce, l\u00e9g\u00e8re et \u00e9lastique pour une libert\u00e9 de mouvement illimit\u00e9e<br \/>\n- Rev\u00eatement \u00e9lastique en silicone pour un maintien antid\u00e9rapant<br \/>\n- Les coutures ergonomiques s'adaptent aux mouvements du corps<br \/>\n- Int\u00e9rieur doux et gratt\u00e9 pour un confort suppl\u00e9mentaire et une thermor\u00e9gulation \u00e9lev\u00e9e<br \/>\n- Mat\u00e9riau en polyester recycl\u00e9<br \/>\n- Logo r\u00e9fl\u00e9chissant<\/p>\n<p>Mati\u00e8re : 88% polyester recycl\u00e9, 12% \u00e9lasthanne<\/p>","protected":false},"excerpt":{"rendered":"<p>Thermo-Knieschoner mit angerauter Innenseite, die die Knie bei kaltem Wetter warm halten. Ergonomische Passform und Silikonbeschichtung am oberen Abschluss. Aus Recyclingpolyester. \u2022 Weiches, leichtes, elastisches Material f\u00fcr uneingeschr\u00e4nkte Bewegungsfreiheit \u2022 Elastische Silikonbeschichtung f\u00fcr rutschfesten Halt \u2022 Ergonomische N\u00e4hte passen sich der K\u00f6rperbewegung an \u2022 Weiche, angeraute Innenseite f\u00fcr zus\u00e4tzlichen Komfort und hohe Thermoregulierung \u2022 Recycling-Polyestermaterial [&hellip;]<\/p>\n","protected":false},"featured_media":247598,"template":"","meta":[],"product_brand":[],"product_cat":[9643,4209],"product_tag":[],"class_list":{"0":"post-88812","1":"product","2":"type-product","3":"status-publish","4":"has-post-thumbnail","6":"product_cat-equipment","7":"product_cat-zubehoer","8":"pa_brand-craft-retail-sportswear","9":"pa_brand-type-sportswear","10":"pa_filter-color-schwarz","12":"first","13":"outofstock","14":"sale","15":"taxable","16":"shipping-taxable","17":"purchasable","18":"product-type-variable","19":"add-to-wishlist-before_image"},"exclude_global_add_ons":[],"addons":[],"acf":[],"_links":{"self":[{"href":"https:\/\/shop.kustom.ch\/fr\/wp-json\/wp\/v2\/product\/88812"}],"collection":[{"href":"https:\/\/shop.kustom.ch\/fr\/wp-json\/wp\/v2\/product"}],"about":[{"href":"https:\/\/shop.kustom.ch\/fr\/wp-json\/wp\/v2\/types\/product"}],"wp:featuredmedia":[{"embeddable":true,"href":"https:\/\/shop.kustom.ch\/fr\/wp-json\/wp\/v2\/media\/247598"}],"wp:attachment":[{"href":"https:\/\/shop.kustom.ch\/fr\/wp-json\/wp\/v2\/media?parent=88812"}],"wp:term":[{"taxonomy":"product_brand","embeddable":true,"href":"https:\/\/shop.kustom.ch\/fr\/wp-json\/wp\/v2\/product_brand?post=88812"},{"taxonomy":"product_cat","embeddable":true,"href":"https:\/\/shop.kustom.ch\/fr\/wp-json\/wp\/v2\/product_cat?post=88812"},{"taxonomy":"product_tag","embeddable":true,"href":"https:\/\/shop.kustom.ch\/fr\/wp-json\/wp\/v2\/product_tag?post=88812"}],"curies":[{"name":"wp","href":"https:\/\/api.w.org\/{rel}","templated":true}]}}