{"id":88744,"date":"2024-03-20T16:26:17","date_gmt":"2024-03-20T15:26:17","guid":{"rendered":"https:\/\/kustomshop.kinsta.cloud\/produkt\/running-cap\/"},"modified":"2026-03-27T14:30:54","modified_gmt":"2026-03-27T13:30:54","slug":"running-cap","status":"publish","type":"product","link":"https:\/\/shop.kustom.ch\/fr\/produit\/running-cap\/","title":{"rendered":"Casquette de course"},"content":{"rendered":"<p>Casquette de course l\u00e9g\u00e8re. Taille r\u00e9glable.<br \/>\n- casquette avec bande de transpiration \u00e0 l'int\u00e9rieur pour l'\u00e9vacuation de l'humidit\u00e9<br \/>\n-taille r\u00e9glable<\/p>\n<p>Mati\u00e8re : Tissu 1 : 100% polyester, Tissu 2 : 95% polyester 5% \u00e9lasthanne<\/p>","protected":false},"excerpt":{"rendered":"<p>Leichte Lauf-Cap. Verstellbare Gr\u00f6sse. \u2022 Cap mit Schwitzband auf der Innenseite f\u00fcr den Feuchtigkeitstransport \u2022Verstellbare Gr\u00f6sse Material: Fabric 1: 100% Polyester, Fabric 2: 95% Polyester 5% Elastan<\/p>","protected":false},"featured_media":247588,"template":"","meta":[],"product_brand":[],"product_cat":[9643,4177,4209],"product_tag":[],"class_list":{"0":"post-88744","1":"product","2":"type-product","3":"status-publish","4":"has-post-thumbnail","6":"product_cat-equipment","7":"product_cat-caps-muetzen","8":"product_cat-zubehoer","9":"pa_brand-craft-retail-sportswear","10":"pa_brand-type-sportswear","11":"pa_filter-color-schwarz","12":"pa_filter-color-weiss","14":"first","15":"instock","16":"sale","17":"taxable","18":"shipping-taxable","19":"purchasable","20":"product-type-variable","21":"add-to-wishlist-before_image"},"exclude_global_add_ons":[],"addons":[],"acf":[],"_links":{"self":[{"href":"https:\/\/shop.kustom.ch\/fr\/wp-json\/wp\/v2\/product\/88744"}],"collection":[{"href":"https:\/\/shop.kustom.ch\/fr\/wp-json\/wp\/v2\/product"}],"about":[{"href":"https:\/\/shop.kustom.ch\/fr\/wp-json\/wp\/v2\/types\/product"}],"wp:featuredmedia":[{"embeddable":true,"href":"https:\/\/shop.kustom.ch\/fr\/wp-json\/wp\/v2\/media\/247588"}],"wp:attachment":[{"href":"https:\/\/shop.kustom.ch\/fr\/wp-json\/wp\/v2\/media?parent=88744"}],"wp:term":[{"taxonomy":"product_brand","embeddable":true,"href":"https:\/\/shop.kustom.ch\/fr\/wp-json\/wp\/v2\/product_brand?post=88744"},{"taxonomy":"product_cat","embeddable":true,"href":"https:\/\/shop.kustom.ch\/fr\/wp-json\/wp\/v2\/product_cat?post=88744"},{"taxonomy":"product_tag","embeddable":true,"href":"https:\/\/shop.kustom.ch\/fr\/wp-json\/wp\/v2\/product_tag?post=88744"}],"curies":[{"name":"wp","href":"https:\/\/api.w.org\/{rel}","templated":true}]}}