{"id":743374,"date":"2026-04-28T09:45:37","date_gmt":"2026-04-28T08:45:37","guid":{"rendered":"https:\/\/shop.kustom.ch\/?post_type=product&#038;p=743374"},"modified":"2026-04-28T09:53:17","modified_gmt":"2026-04-28T08:53:17","slug":"miami-hoody-junior","status":"publish","type":"product","link":"https:\/\/shop.kustom.ch\/fr\/produit\/miami-hoody-junior\/","title":{"rendered":"Hoody Miami Junior"},"content":{"rendered":"<p>Sweat \u00e0 capuche junior en coton et polyester recycl\u00e9. Tissu principal dans la capuche, int\u00e9rieur bross\u00e9. Grande poche kangourou sur le devant. Poignets et ourlet en 2\u00d72 c\u00f4tes avec double couture. Bandeau de cou renforc\u00e9 et \u00e9tiquette facilement d\u00e9tachable pour le rebranding. Tissu doux et stabilis\u00e9, adapt\u00e9 au lavage intensif avec finition anti-boulochage.<\/p>\n<p>Mati\u00e8re : 80% coton, 20% polyester recycl\u00e9<\/p>","protected":false},"excerpt":{"rendered":"<p>Sweat \u00e0 capuche junior en coton et polyester recycl\u00e9. Tissu principal dans la capuche, int\u00e9rieur bross\u00e9. Grande poche kangourou sur le devant. Poignets et ourlet en 2\u00d72 c\u00f4tes avec double couture. Bandeau de cou renforc\u00e9 et \u00e9tiquette facilement d\u00e9tachable pour le rebranding. Tissu doux et stabilis\u00e9, adapt\u00e9 au lavage intensif avec finition anti-boulochage. Mat\u00e9riau : coton 80%, polyester recycl\u00e9 20%<\/p>","protected":false},"featured_media":743375,"template":"","meta":[],"product_brand":[],"product_cat":[4191],"product_tag":[],"class_list":{"0":"post-743374","1":"product","2":"type-product","3":"status-publish","4":"has-post-thumbnail","6":"product_cat-longsleeves-sweatshirts","7":"pa_brand-clique","8":"pa_brand-type-workwear","9":"pa_filter-color-blau","10":"pa_filter-color-grau","11":"pa_filter-color-gruen","12":"pa_filter-color-pink","13":"pa_filter-color-rot","14":"pa_filter-color-schwarz","16":"first","17":"instock","18":"sale","19":"taxable","20":"shipping-taxable","21":"purchasable","22":"product-type-variable","23":"add-to-wishlist-before_image"},"exclude_global_add_ons":[],"addons":[],"acf":[],"_links":{"self":[{"href":"https:\/\/shop.kustom.ch\/fr\/wp-json\/wp\/v2\/product\/743374"}],"collection":[{"href":"https:\/\/shop.kustom.ch\/fr\/wp-json\/wp\/v2\/product"}],"about":[{"href":"https:\/\/shop.kustom.ch\/fr\/wp-json\/wp\/v2\/types\/product"}],"wp:featuredmedia":[{"embeddable":true,"href":"https:\/\/shop.kustom.ch\/fr\/wp-json\/wp\/v2\/media\/743375"}],"wp:attachment":[{"href":"https:\/\/shop.kustom.ch\/fr\/wp-json\/wp\/v2\/media?parent=743374"}],"wp:term":[{"taxonomy":"product_brand","embeddable":true,"href":"https:\/\/shop.kustom.ch\/fr\/wp-json\/wp\/v2\/product_brand?post=743374"},{"taxonomy":"product_cat","embeddable":true,"href":"https:\/\/shop.kustom.ch\/fr\/wp-json\/wp\/v2\/product_cat?post=743374"},{"taxonomy":"product_tag","embeddable":true,"href":"https:\/\/shop.kustom.ch\/fr\/wp-json\/wp\/v2\/product_tag?post=743374"}],"curies":[{"name":"wp","href":"https:\/\/api.w.org\/{rel}","templated":true}]}}