{"id":743095,"date":"2026-04-20T12:23:49","date_gmt":"2026-04-20T11:23:49","guid":{"rendered":"https:\/\/shop.kustom.ch\/?post_type=product&#038;p=743095"},"modified":"2026-04-20T12:24:07","modified_gmt":"2026-04-20T11:24:07","slug":"active-intensity-pants-m","status":"publish","type":"product","link":"https:\/\/shop.kustom.ch\/fr\/produit\/active-intensity-pants-m\/","title":{"rendered":"Active Intensity Pants M"},"content":{"rendered":"<p>Pantalon \u00e9lastique avec une coupe ergonomique et une excellente gestion de la temp\u00e9rature corporelle.<\/p>\n<p>- Coupe ajust\u00e9e<br \/>\n- Zones climatiques sp\u00e9ciales et mati\u00e8re \u00e9lastique pour une excellente gestion de la temp\u00e9rature corporelle<br \/>\n- Finition sans couture pour une libert\u00e9 de mouvement optimale<br \/>\n- les coutures plates s'adaptent aux mouvements du corps<\/p>\n<p>Mati\u00e8re : 55% polyester recycl\u00e9, 41% polyamide, 4% \u00e9lasthanne<\/p>","protected":false},"excerpt":{"rendered":"<p>Elastische Pants mit ergonomischer Passform und hervorragendem K\u00f6rpertemperaturmanagement. \u2022 Enge Passform \u2022 Spezielle Klimazonen und elastisches Material f\u00fcr ein hervorragendes K\u00f6rpertemperaturmanagement \u2022 Nahtlose Verarbeitung f\u00fcr optimale Bewegungsfreiheit \u2022 Flachn\u00e4hte passen sich der K\u00f6rperbewegung an Material: 55% Recycling-Polyester, 41% Polyamid, 4% Elasthan<\/p>","protected":false},"featured_media":743108,"template":"","meta":[],"product_brand":[],"product_cat":[4185],"product_tag":[],"class_list":{"0":"post-743095","1":"product","2":"type-product","3":"status-publish","4":"has-post-thumbnail","6":"product_cat-hosen","7":"pa_brand-craft","8":"pa_brand-type-sportswear","9":"pa_filter-color-schwarz","11":"first","12":"instock","13":"sale","14":"taxable","15":"shipping-taxable","16":"purchasable","17":"product-type-variable","18":"add-to-wishlist-before_image"},"exclude_global_add_ons":[],"addons":[],"acf":[],"_links":{"self":[{"href":"https:\/\/shop.kustom.ch\/fr\/wp-json\/wp\/v2\/product\/743095"}],"collection":[{"href":"https:\/\/shop.kustom.ch\/fr\/wp-json\/wp\/v2\/product"}],"about":[{"href":"https:\/\/shop.kustom.ch\/fr\/wp-json\/wp\/v2\/types\/product"}],"wp:featuredmedia":[{"embeddable":true,"href":"https:\/\/shop.kustom.ch\/fr\/wp-json\/wp\/v2\/media\/743108"}],"wp:attachment":[{"href":"https:\/\/shop.kustom.ch\/fr\/wp-json\/wp\/v2\/media?parent=743095"}],"wp:term":[{"taxonomy":"product_brand","embeddable":true,"href":"https:\/\/shop.kustom.ch\/fr\/wp-json\/wp\/v2\/product_brand?post=743095"},{"taxonomy":"product_cat","embeddable":true,"href":"https:\/\/shop.kustom.ch\/fr\/wp-json\/wp\/v2\/product_cat?post=743095"},{"taxonomy":"product_tag","embeddable":true,"href":"https:\/\/shop.kustom.ch\/fr\/wp-json\/wp\/v2\/product_tag?post=743095"}],"curies":[{"name":"wp","href":"https:\/\/api.w.org\/{rel}","templated":true}]}}