{"id":742863,"date":"2026-04-20T12:21:08","date_gmt":"2026-04-20T11:21:08","guid":{"rendered":"https:\/\/shop.kustom.ch\/?post_type=product&#038;p=742863"},"modified":"2026-04-20T12:21:14","modified_gmt":"2026-04-20T11:21:14","slug":"ability-logo-cap","status":"publish","type":"product","link":"https:\/\/shop.kustom.ch\/fr\/produit\/ability-logo-cap\/","title":{"rendered":"Casquette Ability Logo"},"content":{"rendered":"<p>Die Ability Logo Cap ist eine klassische Sportkappe aus Bio-Baumwolle. Die Kappe verf\u00fcgt \u00fcber eine strapazierf\u00e4hige Metallschnalle auf der R\u00fcckseite zur einfachen Gr\u00f6ssenanpassung und bietet viel Platz f\u00fcr Logos.<\/p>\n<p>\u2022 Bio-Baumwolle<br \/>\n\u2022 Metallschnalle zur Gr\u00f6ssenanpassung<br \/>\n\u2022 Viel Platz f\u00fcr Firmen- oder Vereinslogos<\/p>\n<p>Material: 100 % Bio-Baumwolle<\/p>","protected":false},"excerpt":{"rendered":"<p>La casquette Ability Logo est une casquette de sport classique en coton bio. La casquette dispose d'une boucle m\u00e9tallique r\u00e9sistante \u00e0 l'arri\u00e8re pour un ajustement facile de la taille et offre beaucoup de place pour les logos. - Coton biologique - Boucle m\u00e9tallique pour l'ajustement de la taille - Beaucoup d'espace pour les logos d'entreprise ou de club Mat\u00e9riau : 100 % coton biologique<\/p>","protected":false},"featured_media":742864,"template":"","meta":[],"product_brand":[],"product_cat":[4177],"product_tag":[],"class_list":{"0":"post-742863","1":"product","2":"type-product","3":"status-publish","4":"has-post-thumbnail","6":"product_cat-caps-muetzen","7":"pa_brand-craft","8":"pa_brand-type-sportswear","9":"pa_filter-color-schwarz","11":"first","12":"instock","13":"sale","14":"taxable","15":"shipping-taxable","16":"purchasable","17":"product-type-variable","18":"add-to-wishlist-before_image"},"exclude_global_add_ons":[],"addons":[],"acf":[],"_links":{"self":[{"href":"https:\/\/shop.kustom.ch\/fr\/wp-json\/wp\/v2\/product\/742863"}],"collection":[{"href":"https:\/\/shop.kustom.ch\/fr\/wp-json\/wp\/v2\/product"}],"about":[{"href":"https:\/\/shop.kustom.ch\/fr\/wp-json\/wp\/v2\/types\/product"}],"wp:featuredmedia":[{"embeddable":true,"href":"https:\/\/shop.kustom.ch\/fr\/wp-json\/wp\/v2\/media\/742864"}],"wp:attachment":[{"href":"https:\/\/shop.kustom.ch\/fr\/wp-json\/wp\/v2\/media?parent=742863"}],"wp:term":[{"taxonomy":"product_brand","embeddable":true,"href":"https:\/\/shop.kustom.ch\/fr\/wp-json\/wp\/v2\/product_brand?post=742863"},{"taxonomy":"product_cat","embeddable":true,"href":"https:\/\/shop.kustom.ch\/fr\/wp-json\/wp\/v2\/product_cat?post=742863"},{"taxonomy":"product_tag","embeddable":true,"href":"https:\/\/shop.kustom.ch\/fr\/wp-json\/wp\/v2\/product_tag?post=742863"}],"curies":[{"name":"wp","href":"https:\/\/api.w.org\/{rel}","templated":true}]}}