{"id":742583,"date":"2026-04-20T12:17:49","date_gmt":"2026-04-20T11:17:49","guid":{"rendered":"https:\/\/shop.kustom.ch\/?post_type=product&#038;p=742583"},"modified":"2026-04-20T12:18:00","modified_gmt":"2026-04-20T11:18:00","slug":"pro-ventair-wind-glove","status":"publish","type":"product","link":"https:\/\/shop.kustom.ch\/fr\/produit\/pro-ventair-wind-glove\/","title":{"rendered":"Gant Pro Ventair Wind"},"content":{"rendered":"<p>Vorgeformte Handschuhe mit Ventair Windschutzmembran vorne und Silikonprint an den Handfl\u00e4chen.<br \/>\n\u2022 Aerodynamisches Aussenmaterial<br \/>\n\u2022Elastisches Ventair Windstopper-Futter auf der Oberseite<br \/>\n\u20225000 WP\/5000 MVP<br \/>\n\u2022Silikonprint f\u00fcr optimalen Grip<br \/>\n\u2022Neopren-B\u00fcndchen<br \/>\n\u2022Vorgeformt<\/p>","protected":false},"excerpt":{"rendered":"<p>Gants pr\u00e9form\u00e9s avec membrane coupe-vent Ventair sur le devant et print silicone sur les paumes. - Mat\u00e9riau ext\u00e9rieur a\u00e9rodynamique -Doublure Ventair Windstopper \u00e9lastique sur le dessus -5000 WP\/5000 MVP -Print en silicone pour une adh\u00e9rence optimale -Les poignets en n\u00e9opr\u00e8ne -Pr\u00e9form\u00e9s<\/p>","protected":false},"featured_media":742584,"template":"","meta":[],"product_brand":[],"product_cat":[13285],"product_tag":[],"class_list":{"0":"post-742583","1":"product","2":"type-product","3":"status-publish","4":"has-post-thumbnail","6":"product_cat-handschuhe-2","7":"pa_brand-craft","8":"pa_brand-type-sportswear","9":"pa_filter-color-schwarz","11":"first","12":"instock","13":"sale","14":"taxable","15":"shipping-taxable","16":"purchasable","17":"product-type-variable","18":"add-to-wishlist-before_image"},"exclude_global_add_ons":[],"addons":[],"acf":[],"_links":{"self":[{"href":"https:\/\/shop.kustom.ch\/fr\/wp-json\/wp\/v2\/product\/742583"}],"collection":[{"href":"https:\/\/shop.kustom.ch\/fr\/wp-json\/wp\/v2\/product"}],"about":[{"href":"https:\/\/shop.kustom.ch\/fr\/wp-json\/wp\/v2\/types\/product"}],"wp:featuredmedia":[{"embeddable":true,"href":"https:\/\/shop.kustom.ch\/fr\/wp-json\/wp\/v2\/media\/742584"}],"wp:attachment":[{"href":"https:\/\/shop.kustom.ch\/fr\/wp-json\/wp\/v2\/media?parent=742583"}],"wp:term":[{"taxonomy":"product_brand","embeddable":true,"href":"https:\/\/shop.kustom.ch\/fr\/wp-json\/wp\/v2\/product_brand?post=742583"},{"taxonomy":"product_cat","embeddable":true,"href":"https:\/\/shop.kustom.ch\/fr\/wp-json\/wp\/v2\/product_cat?post=742583"},{"taxonomy":"product_tag","embeddable":true,"href":"https:\/\/shop.kustom.ch\/fr\/wp-json\/wp\/v2\/product_tag?post=742583"}],"curies":[{"name":"wp","href":"https:\/\/api.w.org\/{rel}","templated":true}]}}