{"id":741319,"date":"2026-04-16T10:23:10","date_gmt":"2026-04-16T09:23:10","guid":{"rendered":"https:\/\/shop.kustom.ch\/?post_type=product&#038;p=741319"},"modified":"2026-04-16T10:23:37","modified_gmt":"2026-04-16T09:23:37","slug":"frequent-heavy-ls-tee-m","status":"publish","type":"product","link":"https:\/\/shop.kustom.ch\/fr\/produit\/frequent-heavy-ls-tee-m\/","title":{"rendered":"Frequent Heavy LS Tee M"},"content":{"rendered":"<p>Das Frequent Heavy LS Tee ist ein l\u00e4ssiges und strapazierf\u00e4higes Langarm-T-Shirt, das sich perfekt f\u00fcr Reisetage und den Alltag eignet. Dieses vielseitige Kleidungsst\u00fcck ist aus schwerem Baumwollstoff gefertigt und hat eine lockere Passform. Es bietet den ganzen Tag \u00fcber hervorragenden Tragekomfort. Perfekt f\u00fcr das Branding mit Vereins-, Sponsoren- oder Firmenlogos.<\/p>\n<p>\u2022 Schwerer Stoff aus 100 % Bio-Baumwolle (220 gsm)<br \/>\n- Un design clair<br \/>\n- Coupe d\u00e9contract\u00e9e<\/p>\n<p>Mat\u00e9riau : 100% coton biologique<\/p>","protected":false},"excerpt":{"rendered":"<p>Das Frequent Heavy LS Tee ist ein l\u00e4ssiges und strapazierf\u00e4higes Langarm-T-Shirt, das sich perfekt f\u00fcr Reisetage und den Alltag eignet. Dieses vielseitige Kleidungsst\u00fcck ist aus schwerem Baumwollstoff gefertigt und hat eine lockere Passform. Es bietet den ganzen Tag \u00fcber hervorragenden Tragekomfort. Perfekt f\u00fcr das Branding mit Vereins-, Sponsoren- oder Firmenlogos. \u2022 Schwerer Stoff aus 100 [&hellip;]<\/p>\n","protected":false},"featured_media":741320,"template":"","meta":[],"product_brand":[],"product_cat":[4191],"product_tag":[],"class_list":{"0":"post-741319","1":"product","2":"type-product","3":"status-publish","4":"has-post-thumbnail","6":"product_cat-longsleeves-sweatshirts","7":"pa_brand-craft","8":"pa_brand-type-sportswear","9":"pa_filter-color-rot","10":"pa_filter-color-schwarz","11":"pa_filter-color-weiss","13":"first","14":"instock","15":"sale","16":"taxable","17":"shipping-taxable","18":"purchasable","19":"product-type-variable","20":"add-to-wishlist-before_image"},"exclude_global_add_ons":[],"addons":[],"acf":[],"_links":{"self":[{"href":"https:\/\/shop.kustom.ch\/fr\/wp-json\/wp\/v2\/product\/741319"}],"collection":[{"href":"https:\/\/shop.kustom.ch\/fr\/wp-json\/wp\/v2\/product"}],"about":[{"href":"https:\/\/shop.kustom.ch\/fr\/wp-json\/wp\/v2\/types\/product"}],"wp:featuredmedia":[{"embeddable":true,"href":"https:\/\/shop.kustom.ch\/fr\/wp-json\/wp\/v2\/media\/741320"}],"wp:attachment":[{"href":"https:\/\/shop.kustom.ch\/fr\/wp-json\/wp\/v2\/media?parent=741319"}],"wp:term":[{"taxonomy":"product_brand","embeddable":true,"href":"https:\/\/shop.kustom.ch\/fr\/wp-json\/wp\/v2\/product_brand?post=741319"},{"taxonomy":"product_cat","embeddable":true,"href":"https:\/\/shop.kustom.ch\/fr\/wp-json\/wp\/v2\/product_cat?post=741319"},{"taxonomy":"product_tag","embeddable":true,"href":"https:\/\/shop.kustom.ch\/fr\/wp-json\/wp\/v2\/product_tag?post=741319"}],"curies":[{"name":"wp","href":"https:\/\/api.w.org\/{rel}","templated":true}]}}