{"id":740419,"date":"2026-04-16T10:13:44","date_gmt":"2026-04-16T09:13:44","guid":{"rendered":"https:\/\/shop.kustom.ch\/?post_type=product&#038;p=740419"},"modified":"2026-04-16T10:14:29","modified_gmt":"2026-04-16T09:14:29","slug":"adv-essence-warm-wind-tights-2-w","status":"publish","type":"product","link":"https:\/\/shop.kustom.ch\/fr\/produit\/adv-essence-warm-wind-tights-2-w\/","title":{"rendered":"ADV Essence Warm Wind Tights 2 W"},"content":{"rendered":"<p>Adv Essence Warm Wind Tights 2 sind hochfunktionelle Trainingshosen mit winddichter Vorderseite und geb\u00fcrsteter Innenseite, die f\u00fcr intensive Trainingseinheiten bei kalten und windigen Bedingungen entwickelt wurden. <\/p>\n<p>Diese fortschrittlichen Trainingshosen bestehen aus einem weichen und funktionellen Jersey-Stoff mit geb\u00fcrsteter Innenseite f\u00fcr zus\u00e4tzliche W\u00e4rme und haben vorne ein winddichtes Gewebe zum Schutz vor kaltem Wind. Die Strumpfhose verf\u00fcgt ausserdem \u00fcber einen elastischen Bund mit verstellbarem Kordelzug f\u00fcr eine perfekte Passform, eine Ges\u00e4sstasche mit Reissverschluss zur sicheren Aufbewahrung von Schl\u00fcsseln und perforierte Elemente f\u00fcr eine verbesserte Bel\u00fcftung.<\/p>\n<p>\u2022 Weicher und funktioneller Jerseystoff aus Polyester und Elasthan<br \/>\n- Int\u00e9rieur bross\u00e9<br \/>\n\u2022 Winddichtes Gewebe auf der Vorderseite<br \/>\n\u2022 Elastischer Bund mit verstellbarem Kordelzug innen<br \/>\n\u2022 Taschen auf beiden Seiten<br \/>\n- \u00c9l\u00e9ments perfor\u00e9s<br \/>\n- \u00c9l\u00e9ments r\u00e9fl\u00e9chissants<\/p>\n<p>Material: Body 77% Recycelter Polyester, 23% Elastan, Front Body 86% Recyceltes Polyamid, 14% Elastan<\/p>","protected":false},"excerpt":{"rendered":"<p>Adv Essence Warm Wind Tights 2 sind hochfunktionelle Trainingshosen mit winddichter Vorderseite und geb\u00fcrsteter Innenseite, die f\u00fcr intensive Trainingseinheiten bei kalten und windigen Bedingungen entwickelt wurden. Diese fortschrittlichen Trainingshosen bestehen aus einem weichen und funktionellen Jersey-Stoff mit geb\u00fcrsteter Innenseite f\u00fcr zus\u00e4tzliche W\u00e4rme und haben vorne ein winddichtes Gewebe zum Schutz vor kaltem Wind. Die Strumpfhose [&hellip;]<\/p>\n","protected":false},"featured_media":740462,"template":"","meta":[],"product_brand":[],"product_cat":[4190],"product_tag":[],"class_list":{"0":"post-740419","1":"product","2":"type-product","3":"status-publish","4":"has-post-thumbnail","6":"product_cat-leggings","7":"pa_brand-craft","8":"pa_brand-type-sportswear","9":"pa_filter-color-blau","10":"pa_filter-color-gruen","11":"pa_filter-color-schwarz","12":"pa_filter-color-violet","14":"first","15":"instock","16":"sale","17":"taxable","18":"shipping-taxable","19":"purchasable","20":"product-type-variable","21":"add-to-wishlist-before_image"},"exclude_global_add_ons":[],"addons":[],"acf":[],"_links":{"self":[{"href":"https:\/\/shop.kustom.ch\/fr\/wp-json\/wp\/v2\/product\/740419"}],"collection":[{"href":"https:\/\/shop.kustom.ch\/fr\/wp-json\/wp\/v2\/product"}],"about":[{"href":"https:\/\/shop.kustom.ch\/fr\/wp-json\/wp\/v2\/types\/product"}],"wp:featuredmedia":[{"embeddable":true,"href":"https:\/\/shop.kustom.ch\/fr\/wp-json\/wp\/v2\/media\/740462"}],"wp:attachment":[{"href":"https:\/\/shop.kustom.ch\/fr\/wp-json\/wp\/v2\/media?parent=740419"}],"wp:term":[{"taxonomy":"product_brand","embeddable":true,"href":"https:\/\/shop.kustom.ch\/fr\/wp-json\/wp\/v2\/product_brand?post=740419"},{"taxonomy":"product_cat","embeddable":true,"href":"https:\/\/shop.kustom.ch\/fr\/wp-json\/wp\/v2\/product_cat?post=740419"},{"taxonomy":"product_tag","embeddable":true,"href":"https:\/\/shop.kustom.ch\/fr\/wp-json\/wp\/v2\/product_tag?post=740419"}],"curies":[{"name":"wp","href":"https:\/\/api.w.org\/{rel}","templated":true}]}}